{"id":63,"date":"2022-06-05T19:11:05","date_gmt":"2022-06-05T19:11:05","guid":{"rendered":"https:\/\/playamo.info\/?page_id=63"},"modified":"2023-06-28T13:56:53","modified_gmt":"2023-06-28T13:56:53","slug":"bonuses","status":"publish","type":"page","link":"https:\/\/playamo.info\/sl\/bonuses\/","title":{"rendered":"Bonusi in promocije Playamo"},"content":{"rendered":"<figure class=\"wp-block-image alignwide size-large\"><img loading=\"lazy\" decoding=\"async\" width=\"1024\" height=\"304\" src=\"https:\/\/playamo.info\/wp-content\/uploads\/2022\/06\/playamo-bonus-1-1024x304.png\" alt=\"bonus playamo\" class=\"wp-image-64\" srcset=\"https:\/\/playamo.info\/wp-content\/uploads\/2022\/06\/playamo-bonus-1-1024x304.png 1024w, https:\/\/playamo.info\/wp-content\/uploads\/2022\/06\/playamo-bonus-1-300x89.png 300w, https:\/\/playamo.info\/wp-content\/uploads\/2022\/06\/playamo-bonus-1-768x228.png 768w, https:\/\/playamo.info\/wp-content\/uploads\/2022\/06\/playamo-bonus-1.png 1280w\" sizes=\"auto, (max-width: 1024px) 100vw, 1024px\" \/><\/figure>\n\n\n\n<p><a href=\"\/sl\/\">Playamo Casino<\/a> offers a variety of bonuses to its players. The most popular is the Welcome package, which gives new players a 100% match on their first deposit up to $500. There are also reload bonuses available for existing players and a VIP program with exclusive perks and benefits.<\/p>\n\n\n\n<h2 class=\"wp-block-heading\">\ud83c\udf0e Welcome package<\/h2>\n\n\n\n<p>The Welcome package is a 100% match on your first deposit up to $1500 and 150 free spins at Playamo. <\/p>\n\n\n\n<h3 class=\"wp-block-heading\">\ud83d\udd25 How do I claim the Welcome Bonus at Playamo Casino?<\/h3>\n\n\n\n<p>To claim the Welcome package, <a href=\"https:\/\/playamo.info\/sl\/login\/\">Playamo login<\/a>, make your first deposit and the gift will be automatically credited to your account.<\/p>\n\n\n\n<h3 class=\"wp-block-heading\">\ud83d\udca6 What are the terms and conditions?<\/h3>\n\n\n\n<p>The Welcome package has a wagering requirement of 50x the bonus amount. You will need to wager $25,000 to clear the bonus fully. The promo is also subject to a maximum bet limit of $5 per spin.<\/p>\n\n\n\n<div class=\"wp-block-buttons alignwide is-content-justification-center is-layout-flex wp-container-core-buttons-is-layout-a89b3969 wp-block-buttons-is-layout-flex\">\n<div class=\"wp-block-button has-custom-width wp-block-button__width-100 has-custom-font-size has-medium-font-size\"><a class=\"wp-block-button__link has-white-color has-luminous-vivid-amber-background-color has-text-color has-background wp-element-button\" href=\"https:\/\/media.playamopartners.com\/redirect.aspx?pid=163920&amp;bid=1929&amp;lpid=28\" style=\"border-radius:2px\"><strong>Pridobite $1500 + 150 brezpla\u010dnih vrtljajev<\/strong><\/a><\/div>\n<\/div>\n\n\n\n<p><\/p>\n\n\n\n<h2 class=\"wp-block-heading\">\ud83d\ude4f Playamo no deposit bonus<\/h2>\n\n\n\n<p>Bonus brez pologa Playamo je odli\u010den na\u010din za za\u010detek va\u0161e igralni\u0161ke poti. To darilo vam daje prilo\u017enost, da osvojite do $500, ne da bi opravili polog. Prijavite se na ra\u010dun in uporabite bonus kodo \"PLAYAMO\".<\/p>\n\n\n\n<p>With this promo, you will be able to try out the casino and see if it\u2019s the right fit for you. If you like what you see, you can always make a deposit and take advantage of the Welcome Package.<\/p>\n\n\n\n<h2 class=\"wp-block-heading\">\ud83d\udca5 VIP program<\/h2>\n\n\n\n<p>Program VIP v igralnici Playamo Casino je mo\u017een samo s povabilom. To pomeni, da morate biti zvesti in aktivni igralec, \u010de \u017eelite biti povabljeni. Kot VIP boste dele\u017eni ekskluzivnih ugodnosti, kot so podpora VIP, vi\u0161je omejitve izpla\u010dil in posebne promocije.<\/p>\n\n\n\n<h2 class=\"wp-block-heading\">\ud83c\udf83 Reload Bonus<\/h2>\n\n\n\n<p>Ta promocija je odli\u010den na\u010din, da pove\u010date svoj vlo\u017eek. V okviru te igre boste prejeli 50% na svoj drugi polog do $500. Za obstoje\u010de igralce so na voljo tudi bonusi za ponovno polnjenje in program VIP z ekskluzivnimi prednostmi in ugodnostmi.<\/p>\n\n\n\n<p>\u010ce \u017eelite izkoristiti to darilo, vpla\u010dajte svoj drugi depozit in uporabite bonus kodo \"RELOAD\". Nagrada bo samodejno nakazana na va\u0161 ra\u010dun.<\/p>\n\n\n\n<h2 class=\"wp-block-heading\">\u2764 Playamo bonus codes<\/h2>\n\n\n\n<p>The Playamo bonus codes are a great way to take advantage of the different promotions offered by the casino. By using a code, you can get bigger and better gifts than if you were to sign up for an account.<\/p>\n\n\n\n<p>For example, the Welcome package at Playamo Casino is a 100% match on your first deposit up to $500. However, if you use the bonus code \u201cPLAYAMO,\u201d you will be able to get a 150% match on your first deposit up to $750.<\/p>\n\n\n\n<p>Podobno je bonus za polnjenje 50%, ki se ujema z va\u0161im drugim pologom do $500. \u010ce pa uporabite kodo \"RELOAD\", boste lahko prejeli 75% match na svoj drugi polog do $750.<\/p>\n\n\n\n<p>\u010ce \u017eelite kar najbolje izkoristiti svoje igralni\u0161ke izku\u0161nje v igralnici Playamo, obvezno uporabljajte kode bonusov.<\/p>\n\n\n\n<div class=\"wp-block-buttons alignwide is-content-justification-center is-layout-flex wp-container-core-buttons-is-layout-a89b3969 wp-block-buttons-is-layout-flex\">\n<div class=\"wp-block-button has-custom-width wp-block-button__width-100 has-custom-font-size has-medium-font-size\"><a class=\"wp-block-button__link has-white-color has-luminous-vivid-amber-background-color has-text-color has-background wp-element-button\" href=\"https:\/\/media.playamopartners.com\/redirect.aspx?pid=229238&amp;bid=1988&amp;lpid=6\" style=\"border-radius:2px\"><strong>Pridobite Playamo Bonus Codes<\/strong><\/a><\/div>\n<\/div>\n\n\n\n<p><\/p>\n\n\n\n<h2 class=\"wp-block-heading\">\ud83e\udef6 How do I withdraw my winnings at Playamo Casino?<\/h2>\n\n\n\n<p>Svoje dobitke v igralnici Playamo Casino lahko izpla\u010date z razli\u010dnimi metodami, kot so Visa, Mastercard, Skrill, Neteller, Bitcoin in ban\u010dno nakazilo. Najni\u017eji znesek izpla\u010dila je $20, najvi\u0161je omejitve izpla\u010dila pa ni.<\/p>\n\n\n\n<h2 class=\"wp-block-heading\">\ud83d\ude3b Conclusion<\/h2>\n\n\n\n<p>Playamo Casino is an excellent choice for both new and experienced players. The Welcome Package is a great way to boost your bankroll, and the Reload Bonuses are a great way to keep it going. The VIP program is by invitation only, but it\u2019s worth it if you can get in.<\/p>\n\n\n\n<p>Playamo bonus codes pa so odli\u010den na\u010din za izkori\u0161\u010danje razli\u010dnih promocij, ki jih ponuja igralnica. \u010ce torej i\u0161\u010dete nov spletni casino, ki bi ga lahko preizkusili, obvezno preverite Playamo Casino.<\/p>\n\n\n\n<h2 class=\"wp-block-heading\">\ud83e\ude90 FAQs<\/h2>\n\n\n<style>#sp-ea-66 .spcollapsing { height: 0; overflow: hidden; transition-property: height;transition-duration: 300ms;}#sp-ea-66.sp-easy-accordion>.sp-ea-single {border: 1px solid #e2e2e2; }#sp-ea-66.sp-easy-accordion>.sp-ea-single>.ea-header a {color: #444;}#sp-ea-66.sp-easy-accordion>.sp-ea-single>.sp-collapse>.ea-body {background: #fff; color: #444;}#sp-ea-66.sp-easy-accordion>.sp-ea-single {background: #eee;}#sp-ea-66.sp-easy-accordion>.sp-ea-single>.ea-header a .ea-expand-icon.fa { float: left; color: #444;font-size: 16px;}<\/style><div id=\"sp-ea-66\" class=\"sp-ea-one sp-easy-accordion\" data-ex-icon=\"fa-minus\" data-col-icon=\"fa-plus\"  data-ea-active=\"ea-click\"  data-ea-mode=\"vertical\" data-preloader=\"\" data-scroll-active-item=\"\" data-offset-to-scroll=\"0\"><div class=\"ea-card ea-expand sp-ea-single\"><h3 class=\"ea-header\"><a class=\"collapsed\" data-sptoggle=\"spcollapse\" data-sptarget=\"#collapse660\" href=\"javascript:void(0)\"  aria-expanded=\"true\"><i class=\"ea-expand-icon fa fa-minus\"><\/i> Kak\u0161en je dobrodelni bonus v igralnici Playamo Casino?<\/a><\/h3><div class=\"sp-collapse spcollapse collapsed show\" id=\"collapse660\" ><div class=\"ea-body\"><p>Dobrodo\u0161lica je 100% tekma na va\u0161 prvi depozit do $500 + 150 brezpla\u010dnih vrtljajev na Playamo.<\/p>\n<\/div><\/div><\/div><div class=\"ea-card  sp-ea-single\"><h3 class=\"ea-header\"><a class=\"collapsed\" data-sptoggle=\"spcollapse\" data-sptarget=\"#collapse661\" href=\"javascript:void(0)\"  aria-expanded=\"false\"><i class=\"ea-expand-icon fa fa-plus\"><\/i> Kako lahko zahtevam dobrodo\u0161lico v Playamu?<\/a><\/h3><div class=\"sp-collapse spcollapse\" id=\"collapse661\" ><div class=\"ea-body\"><p>\u010ce \u017eelite prejeti paket dobrodo\u0161lice, opravite prvo nakazilo in nagrada bo samodejno nakazana na va\u0161 ra\u010dun.<\/p>\n<\/div><\/div><\/div><div class=\"ea-card  sp-ea-single\"><h3 class=\"ea-header\"><a class=\"collapsed\" data-sptoggle=\"spcollapse\" data-sptarget=\"#collapse662\" href=\"javascript:void(0)\"  aria-expanded=\"false\"><i class=\"ea-expand-icon fa fa-plus\"><\/i> Kak\u0161ni so pogoji za dobrodo\u0161lico?<\/a><\/h3><div class=\"sp-collapse spcollapse\" id=\"collapse662\" ><div class=\"ea-body\"><p>Za paket dobrodo\u0161lice velja zahteva po stavljenju 50-kratnega zneska bonusa. To pomeni, da boste morali staviti $25.000, da boste darilo v celoti izpla\u010dali.<\/p>\n<\/div><\/div><\/div><div class=\"ea-card  sp-ea-single\"><h3 class=\"ea-header\"><a class=\"collapsed\" data-sptoggle=\"spcollapse\" data-sptarget=\"#collapse663\" href=\"javascript:void(0)\"  aria-expanded=\"false\"><i class=\"ea-expand-icon fa fa-plus\"><\/i> Ali lahko izpla\u010dam dobitke iz bonusa za dobrodo\u0161lico pri Playamo?<\/a><\/h3><div class=\"sp-collapse spcollapse\" id=\"collapse663\" ><div class=\"ea-body\"><p>Da, svoje dobitke iz paketa dobrodo\u0161lice lahko izpla\u010date v Playamu. Vendar morate najprej izpolniti pogoje za stavljenje.<\/p>\n<\/div><\/div><\/div><div class=\"ea-card  sp-ea-single\"><h3 class=\"ea-header\"><a class=\"collapsed\" data-sptoggle=\"spcollapse\" data-sptarget=\"#collapse664\" href=\"javascript:void(0)\"  aria-expanded=\"false\"><i class=\"ea-expand-icon fa fa-plus\"><\/i> Kaj je bonus za ponovno polnjenje?<\/a><\/h3><div class=\"sp-collapse spcollapse\" id=\"collapse664\" ><div class=\"ea-body\"><p>Darilo za ponovno polnjenje v igralnici Playamo Casino je 50% tekma za va\u0161 drugi polog do $500.<\/p>\n<\/div><\/div><\/div><\/div>","protected":false},"excerpt":{"rendered":"<p>Playamo Casino offers a variety of bonuses to its players. The most popular is the Welcome package, which gives new players a 100% match on their first deposit up to $500. There are also reload bonuses available for existing players and a VIP program with exclusive perks and benefits. \ud83c\udf0e Welcome package The Welcome package &hellip;<\/p>\n<p class=\"read-more\"> <a class=\"\" href=\"https:\/\/playamo.info\/sl\/bonuses\/\"> <span class=\"screen-reader-text\">Bonusi in promocije Playamo<\/span> Read More &raquo;<\/a><\/p>","protected":false},"author":1,"featured_media":0,"parent":0,"menu_order":0,"comment_status":"closed","ping_status":"closed","template":"","meta":{"site-sidebar-layout":"default","site-content-layout":"default","ast-global-header-display":"","ast-main-header-display":"","ast-hfb-above-header-display":"","ast-hfb-below-header-display":"","ast-hfb-mobile-header-display":"","site-post-title":"","ast-breadcrumbs-content":"","ast-featured-img":"","footer-sml-layout":"","theme-transparent-header-meta":"","adv-header-id-meta":"","stick-header-meta":"","header-above-stick-meta":"","header-main-stick-meta":"","header-below-stick-meta":"","footnotes":""},"class_list":["post-63","page","type-page","status-publish","hentry"],"yoast_head":"<!-- This site is optimized with the Yoast SEO plugin v19.13 - https:\/\/yoast.com\/wordpress\/plugins\/seo\/ -->\n<title>Playamo Bonuses: \ud83d\ude08 No Deposit, Bonus Codes at Playamo and Free Spins<\/title>\n<meta name=\"description\" content=\"Bonuses at Playamo Casino - how to get and how to win back the bonus money. What are the benefits of the VIP program\" \/>\n<meta name=\"robots\" content=\"index, follow, max-snippet:-1, max-image-preview:large, max-video-preview:-1\" \/>\n<link rel=\"canonical\" href=\"https:\/\/playamo.info\/sl\/bonuses\/\" \/>\n<meta property=\"og:locale\" content=\"sl_SI\" \/>\n<meta property=\"og:type\" content=\"article\" \/>\n<meta property=\"og:title\" content=\"Playamo Bonuses: \ud83d\ude08 No Deposit, Bonus Codes at Playamo and Free Spins\" \/>\n<meta property=\"og:description\" content=\"Bonuses at Playamo Casino - how to get and how to win back the bonus money. What are the benefits of the VIP program\" \/>\n<meta property=\"og:url\" content=\"https:\/\/playamo.info\/sl\/bonuses\/\" \/>\n<meta property=\"og:site_name\" content=\"Playamo\" \/>\n<meta property=\"article:modified_time\" content=\"2023-06-28T13:56:53+00:00\" \/>\n<meta property=\"og:image\" content=\"https:\/\/playamo.info\/wp-content\/uploads\/2022\/06\/playamo-bonus-1-1024x304.png\" \/>\n<meta name=\"twitter:card\" content=\"summary_large_image\" \/>\n<meta name=\"twitter:label1\" content=\"Est. reading time\" \/>\n\t<meta name=\"twitter:data1\" content=\"4 minute\" \/>\n<script type=\"application\/ld+json\" class=\"yoast-schema-graph\">{\"@context\":\"https:\/\/schema.org\",\"@graph\":[{\"@type\":\"WebPage\",\"@id\":\"https:\/\/playamo.info\/bonuses\/\",\"url\":\"https:\/\/playamo.info\/bonuses\/\",\"name\":\"Playamo Bonuses: \ud83d\ude08 No Deposit, Bonus Codes at Playamo and Free Spins\",\"isPartOf\":{\"@id\":\"https:\/\/playamo.info\/#website\"},\"datePublished\":\"2022-06-05T19:11:05+00:00\",\"dateModified\":\"2023-06-28T13:56:53+00:00\",\"description\":\"Bonuses at Playamo Casino - how to get and how to win back the bonus money. What are the benefits of the VIP program\",\"breadcrumb\":{\"@id\":\"https:\/\/playamo.info\/bonuses\/#breadcrumb\"},\"inLanguage\":\"sl-SI\",\"potentialAction\":[{\"@type\":\"ReadAction\",\"target\":[\"https:\/\/playamo.info\/bonuses\/\"]}]},{\"@type\":\"BreadcrumbList\",\"@id\":\"https:\/\/playamo.info\/bonuses\/#breadcrumb\",\"itemListElement\":[{\"@type\":\"ListItem\",\"position\":1,\"name\":\"Home\",\"item\":\"https:\/\/playamo.info\/\"},{\"@type\":\"ListItem\",\"position\":2,\"name\":\"Playamo Bonuses and Promotions\"}]},{\"@type\":\"WebSite\",\"@id\":\"https:\/\/playamo.info\/#website\",\"url\":\"https:\/\/playamo.info\/\",\"name\":\"Playamo\",\"description\":\"playamo.info\",\"publisher\":{\"@id\":\"https:\/\/playamo.info\/#organization\"},\"potentialAction\":[{\"@type\":\"SearchAction\",\"target\":{\"@type\":\"EntryPoint\",\"urlTemplate\":\"https:\/\/playamo.info\/?s={search_term_string}\"},\"query-input\":\"required name=search_term_string\"}],\"inLanguage\":\"sl-SI\"},{\"@type\":\"Organization\",\"@id\":\"https:\/\/playamo.info\/#organization\",\"name\":\"Playamo\",\"url\":\"https:\/\/playamo.info\/\",\"logo\":{\"@type\":\"ImageObject\",\"inLanguage\":\"sl-SI\",\"@id\":\"https:\/\/playamo.info\/#\/schema\/logo\/image\/\",\"url\":\"https:\/\/playamo.info\/wp-content\/uploads\/2022\/06\/logo.png\",\"contentUrl\":\"https:\/\/playamo.info\/wp-content\/uploads\/2022\/06\/logo.png\",\"width\":200,\"height\":101,\"caption\":\"Playamo\"},\"image\":{\"@id\":\"https:\/\/playamo.info\/#\/schema\/logo\/image\/\"}}]}<\/script>\n<!-- \/ Yoast SEO plugin. -->","yoast_head_json":{"title":"Playamo Bonuses: \ud83d\ude08 No Deposit, Bonus Codes at Playamo and Free Spins","description":"Bonuses at Playamo Casino - how to get and how to win back the bonus money. What are the benefits of the VIP program","robots":{"index":"index","follow":"follow","max-snippet":"max-snippet:-1","max-image-preview":"max-image-preview:large","max-video-preview":"max-video-preview:-1"},"canonical":"https:\/\/playamo.info\/sl\/bonuses\/","og_locale":"sl_SI","og_type":"article","og_title":"Playamo Bonuses: \ud83d\ude08 No Deposit, Bonus Codes at Playamo and Free Spins","og_description":"Bonuses at Playamo Casino - how to get and how to win back the bonus money. What are the benefits of the VIP program","og_url":"https:\/\/playamo.info\/sl\/bonuses\/","og_site_name":"Playamo","article_modified_time":"2023-06-28T13:56:53+00:00","og_image":[{"url":"https:\/\/playamo.info\/wp-content\/uploads\/2022\/06\/playamo-bonus-1-1024x304.png"}],"twitter_card":"summary_large_image","twitter_misc":{"Est. reading time":"4 minute"},"schema":{"@context":"https:\/\/schema.org","@graph":[{"@type":"WebPage","@id":"https:\/\/playamo.info\/bonuses\/","url":"https:\/\/playamo.info\/bonuses\/","name":"Playamo Bonuses: \ud83d\ude08 No Deposit, Bonus Codes at Playamo and Free Spins","isPartOf":{"@id":"https:\/\/playamo.info\/#website"},"datePublished":"2022-06-05T19:11:05+00:00","dateModified":"2023-06-28T13:56:53+00:00","description":"Bonuses at Playamo Casino - how to get and how to win back the bonus money. What are the benefits of the VIP program","breadcrumb":{"@id":"https:\/\/playamo.info\/bonuses\/#breadcrumb"},"inLanguage":"sl-SI","potentialAction":[{"@type":"ReadAction","target":["https:\/\/playamo.info\/bonuses\/"]}]},{"@type":"BreadcrumbList","@id":"https:\/\/playamo.info\/bonuses\/#breadcrumb","itemListElement":[{"@type":"ListItem","position":1,"name":"Home","item":"https:\/\/playamo.info\/"},{"@type":"ListItem","position":2,"name":"Playamo Bonuses and Promotions"}]},{"@type":"WebSite","@id":"https:\/\/playamo.info\/#website","url":"https:\/\/playamo.info\/","name":"Playamo","description":"playamo.info","publisher":{"@id":"https:\/\/playamo.info\/#organization"},"potentialAction":[{"@type":"SearchAction","target":{"@type":"EntryPoint","urlTemplate":"https:\/\/playamo.info\/?s={search_term_string}"},"query-input":"required name=search_term_string"}],"inLanguage":"sl-SI"},{"@type":"Organization","@id":"https:\/\/playamo.info\/#organization","name":"Playamo","url":"https:\/\/playamo.info\/","logo":{"@type":"ImageObject","inLanguage":"sl-SI","@id":"https:\/\/playamo.info\/#\/schema\/logo\/image\/","url":"https:\/\/playamo.info\/wp-content\/uploads\/2022\/06\/logo.png","contentUrl":"https:\/\/playamo.info\/wp-content\/uploads\/2022\/06\/logo.png","width":200,"height":101,"caption":"Playamo"},"image":{"@id":"https:\/\/playamo.info\/#\/schema\/logo\/image\/"}}]}},"_links":{"self":[{"href":"https:\/\/playamo.info\/sl\/wp-json\/wp\/v2\/pages\/63","targetHints":{"allow":["GET"]}}],"collection":[{"href":"https:\/\/playamo.info\/sl\/wp-json\/wp\/v2\/pages"}],"about":[{"href":"https:\/\/playamo.info\/sl\/wp-json\/wp\/v2\/types\/page"}],"author":[{"embeddable":true,"href":"https:\/\/playamo.info\/sl\/wp-json\/wp\/v2\/users\/1"}],"replies":[{"embeddable":true,"href":"https:\/\/playamo.info\/sl\/wp-json\/wp\/v2\/comments?post=63"}],"version-history":[{"count":5,"href":"https:\/\/playamo.info\/sl\/wp-json\/wp\/v2\/pages\/63\/revisions"}],"predecessor-version":[{"id":184,"href":"https:\/\/playamo.info\/sl\/wp-json\/wp\/v2\/pages\/63\/revisions\/184"}],"wp:attachment":[{"href":"https:\/\/playamo.info\/sl\/wp-json\/wp\/v2\/media?parent=63"}],"curies":[{"name":"wp","href":"https:\/\/api.w.org\/{rel}","templated":true}]}}