{"id":52,"date":"2022-06-05T14:18:36","date_gmt":"2022-06-05T14:18:36","guid":{"rendered":"https:\/\/playamo.info\/?page_id=52"},"modified":"2023-06-28T13:58:40","modified_gmt":"2023-06-28T13:58:40","slug":"login","status":"publish","type":"page","link":"https:\/\/playamo.info\/pl\/login\/","title":{"rendered":"Playamo Login"},"content":{"rendered":"<figure class=\"wp-block-image alignwide size-large\"><img loading=\"lazy\" decoding=\"async\" width=\"1024\" height=\"512\" src=\"https:\/\/playamo.info\/wp-content\/uploads\/2022\/06\/playamo-casino-online-1024x512.jpeg\" alt=\"playamo kogin\" class=\"wp-image-53\" srcset=\"https:\/\/playamo.info\/wp-content\/uploads\/2022\/06\/playamo-casino-online-1024x512.jpeg 1024w, https:\/\/playamo.info\/wp-content\/uploads\/2022\/06\/playamo-casino-online-300x150.jpeg 300w, https:\/\/playamo.info\/wp-content\/uploads\/2022\/06\/playamo-casino-online-768x384.jpeg 768w, https:\/\/playamo.info\/wp-content\/uploads\/2022\/06\/playamo-casino-online.jpeg 1400w\" sizes=\"auto, (max-width: 1024px) 100vw, 1024px\" \/><\/figure>\n\n\n\n<p>Aby zalogowa\u0107 si\u0119 do kasyna Playamo, musisz posiada\u0107 konto w kasynie. Je\u015bli nie masz konta, mo\u017cesz je za\u0142o\u017cy\u0107, wchodz\u0105c na stron\u0119 i klikaj\u0105c przycisk \"Zarejestruj si\u0119\". Po utworzeniu konta mo\u017cesz si\u0119 zalogowa\u0107, wpisuj\u0105c swoj\u0105 nazw\u0119 u\u017cytkownika i has\u0142o w odpowiednie pola na stronie.<\/p>\n\n\n\n<h2 class=\"wp-block-heading\">\ud83c\udf52 Registration Step-By-Step Guide<\/h2>\n\n\n\n<ol class=\"wp-block-list\" type=\"1\">\n<li>Odwied\u017a stron\u0119 <a href=\"\/pl\/\">Playamo<\/a> Strona internetowa kasyna.<\/li>\n\n\n\n<li>Kliknij przycisk \"Sign Up\" (Zapisz si\u0119).<\/li>\n\n\n\n<li>Wprowad\u017a swoje dane osobowe w wymaganych polach.<\/li>\n\n\n\n<li>Wybierz nazw\u0119 u\u017cytkownika i has\u0142o dla swojego konta.<\/li>\n\n\n\n<li>Wprowad\u017a informacje o p\u0142atno\u015bci.<\/li>\n\n\n\n<li>Kliknij przycisk \"Utw\u00f3rz konto\".<\/li>\n<\/ol>\n\n\n\n<p>Po utworzeniu konta mo\u017cna si\u0119 zalogowa\u0107, wpisuj\u0105c nazw\u0119 u\u017cytkownika i has\u0142o w odpowiednie pola na stronie internetowej.<\/p>\n\n\n\n<h3 class=\"wp-block-heading\">\ud83c\udfaa Verification<\/h3>\n\n\n\n<p>Aby zalogowa\u0107 si\u0119 na swoje konto, musisz zweryfikowa\u0107 sw\u00f3j adres e-mail. Aby to zrobi\u0107, po prostu kliknij na link w mailu weryfikacyjnym wys\u0142anym do Ciebie przy zak\u0142adaniu konta. Gdy Tw\u00f3j adres e-mail zostanie zweryfikowany, b\u0119dziesz m\u00f3g\u0142 si\u0119 zalogowa\u0107 i rozpocz\u0105\u0107 gr\u0119 w kasynie Playamo.<\/p>\n\n\n\n<div class=\"wp-block-buttons alignwide is-horizontal is-content-justification-center is-layout-flex wp-container-core-buttons-is-layout-03627597 wp-block-buttons-is-layout-flex\">\n<div class=\"wp-block-button has-custom-width wp-block-button__width-100 has-custom-font-size has-medium-font-size\"><a class=\"wp-block-button__link has-ast-global-color-5-color has-text-color has-background wp-element-button\" href=\"https:\/\/media.playamopartners.com\/redirect.aspx?pid=163920&amp;bid=1929&amp;lpid=28\" style=\"border-radius:3px;background-color:#fdbd2c\"><strong>LOGIN PLAYAMO<\/strong><\/a><\/div>\n<\/div>\n\n\n\n<p><\/p>\n\n\n\n<h2 class=\"wp-block-heading\">\ud83e\udde9 How to login to Playamo at Australia<\/h2>\n\n\n\n<ol class=\"wp-block-list\">\n<li>W polu \"Nazwa u\u017cytkownika\" wpisz swoj\u0105 nazw\u0119 u\u017cytkownika.<\/li>\n\n\n\n<li>W polu \"Has\u0142o\" wpisz swoje has\u0142o.<\/li>\n\n\n\n<li>Kliknij przycisk \"Zaloguj si\u0119\".<\/li>\n<\/ol>\n\n\n\n<p>Je\u015bli zapomnia\u0142e\u015b swojego has\u0142a, mo\u017cesz klikn\u0105\u0107 na link \"Zapomnia\u0142e\u015b has\u0142a?\" i post\u0119powa\u0107 zgodnie z instrukcjami, aby je zresetowa\u0107. Po zresetowaniu has\u0142a, b\u0119dziesz m\u00f3g\u0142 zalogowa\u0107 si\u0119 do Playamo na swoje konto i rozpocz\u0105\u0107 gr\u0119.<\/p>\n\n\n\n<p><\/p>\n\n\n\n<h3 class=\"wp-block-heading\">\ud83c\udfa8 How to login Playamo from mobile<\/h3>\n\n\n\n<p>Proces logowania do konta na urz\u0105dzeniu mobilnym jest taki sam, jak logowanie na komputerze stacjonarnym. Wystarczy wprowadzi\u0107 nazw\u0119 u\u017cytkownika i has\u0142o w odpowiednich polach i klikn\u0105\u0107 przycisk \"Zaloguj si\u0119\".<\/p>\n\n\n\n<h2 class=\"wp-block-heading\">\ud83e\uddde\u200d\u2642\ufe0f What to do if you can&#8217;t login Playamo Casino<\/h2>\n\n\n\n<p>Je\u015bli masz problemy z zalogowaniem si\u0119 na swoje konto, mo\u017cesz spr\u00f3bowa\u0107 kilku rzeczy:<\/p>\n\n\n\n<ul class=\"wp-block-list\">\n<li>Upewnij si\u0119, \u017ce u\u017cywasz prawid\u0142owej nazwy u\u017cytkownika i has\u0142a. Je\u015bli nie pami\u0119tasz swojego has\u0142a, mo\u017cesz klikn\u0105\u0107 \u0142\u0105cze \"Nie pami\u0119tasz has\u0142a?\" i post\u0119powa\u0107 zgodnie z instrukcjami, aby je zresetowa\u0107.<\/li>\n\n\n\n<li>Upewnij si\u0119, \u017ce Tw\u00f3j adres e-mail zosta\u0142 zweryfikowany. W tym celu wystarczy klikn\u0105\u0107 \u0142\u0105cze znajduj\u0105ce si\u0119 w wiadomo\u015bci weryfikacyjnej przes\u0142anej podczas tworzenia konta.<\/li>\n\n\n\n<li>Spr\u00f3buj wyczy\u015bci\u0107 pami\u0119\u0107 podr\u0119czn\u0105 i pliki cookie przegl\u0105darki. Mo\u017ce to czasem rozwi\u0105za\u0107 problemy z logowaniem.<\/li>\n<\/ul>\n\n\n\n<p>Je\u015bli nadal masz problemy z zalogowaniem si\u0119, skontaktuj si\u0119 z dzia\u0142em obs\u0142ugi klienta, aby uzyska\u0107 pomoc.<\/p>\n\n\n\n<h2 class=\"wp-block-heading\">\u26a1 Tips for staying safe online<\/h2>\n\n\n\n<p>Graj\u0105c w kasynie online, wa\u017cne jest, aby zachowa\u0107 bezpiecze\u0144stwo i chroni\u0107 swoje dane osobowe. Oto kilka wskaz\u00f3wek, jak zachowa\u0107 bezpiecze\u0144stwo podczas gry w Kasynie Playamo:<\/p>\n\n\n\n<ul class=\"wp-block-list\">\n<li>U\u017cywaj silnego i niepowtarzalnego has\u0142a do swojego konta.<\/li>\n\n\n\n<li>Nie udost\u0119pniaj nikomu swojego has\u0142a.<\/li>\n\n\n\n<li>Zadbaj o bezpiecze\u0144stwo swoich danych osobowych.<\/li>\n\n\n\n<li>Zachowaj ostro\u017cno\u015b\u0107 przy udost\u0119pnianiu swoich danych osobowych w Internecie.<\/li>\n\n\n\n<li>Nie nale\u017cy klika\u0107 \u0142\u0105czy ani za\u0142\u0105cznik\u00f3w od os\u00f3b, kt\u00f3rych nie znamy.<\/li>\n\n\n\n<li>Je\u015bli otrzymasz wiadomo\u015b\u0107 e-mail, kt\u00f3ra wygl\u0105da podejrzanie, nie otwieraj jej.<\/li>\n<\/ul>\n\n\n\n<p>Stosuj\u0105c si\u0119 do tych wskaz\u00f3wek, mo\u017cesz zadba\u0107 o bezpiecze\u0144stwo swojego konta podczas gry w kasynie Playamo.<\/p>\n\n\n\n<h2 class=\"wp-block-heading\">\ud83c\udf14 FAQs<\/h2>\n\n\n<style>#sp-ea-56 .spcollapsing { height: 0; overflow: hidden; transition-property: height;transition-duration: 300ms;}#sp-ea-56.sp-easy-accordion>.sp-ea-single {border: 1px solid #e2e2e2; }#sp-ea-56.sp-easy-accordion>.sp-ea-single>.ea-header a {color: #444;}#sp-ea-56.sp-easy-accordion>.sp-ea-single>.sp-collapse>.ea-body {background: #fff; color: #444;}#sp-ea-56.sp-easy-accordion>.sp-ea-single {background: #eee;}#sp-ea-56.sp-easy-accordion>.sp-ea-single>.ea-header a .ea-expand-icon.fa { float: left; color: #444;font-size: 16px;}<\/style><div id=\"sp-ea-56\" class=\"sp-ea-one sp-easy-accordion\" data-ex-icon=\"fa-minus\" data-col-icon=\"fa-plus\"  data-ea-active=\"ea-click\"  data-ea-mode=\"vertical\" data-preloader=\"\" data-scroll-active-item=\"\" data-offset-to-scroll=\"0\"><div class=\"ea-card ea-expand sp-ea-single\"><h3 class=\"ea-header\"><a class=\"collapsed\" data-sptoggle=\"spcollapse\" data-sptarget=\"#collapse560\" href=\"javascript:void(0)\"  aria-expanded=\"true\"><i class=\"ea-expand-icon fa fa-minus\"><\/i> Co musz\u0119 zrobi\u0107, aby zalogowa\u0107 si\u0119 do Kasyna Playamo?<\/a><\/h3><div class=\"sp-collapse spcollapse collapsed show\" id=\"collapse560\" ><div class=\"ea-body\"><p>Aby si\u0119 zalogowa\u0107, musisz mie\u0107 konto w kasynie. Je\u015bli nie masz konta, mo\u017cesz je za\u0142o\u017cy\u0107, wchodz\u0105c na stron\u0119 i klikaj\u0105c przycisk \"Zarejestruj si\u0119\". Po utworzeniu konta mo\u017cesz si\u0119 zalogowa\u0107, wpisuj\u0105c nazw\u0119 u\u017cytkownika i has\u0142o w odpowiednie pola na stronie.<\/p>\n<\/div><\/div><\/div><div class=\"ea-card  sp-ea-single\"><h3 class=\"ea-header\"><a class=\"collapsed\" data-sptoggle=\"spcollapse\" data-sptarget=\"#collapse561\" href=\"javascript:void(0)\"  aria-expanded=\"false\"><i class=\"ea-expand-icon fa fa-plus\"><\/i> Jak zweryfikowa\u0107 sw\u00f3j adres e-mail?<\/a><\/h3><div class=\"sp-collapse spcollapse\" id=\"collapse561\" ><div class=\"ea-body\"><p>Aby zweryfikowa\u0107 sw\u00f3j adres email, po prostu kliknij na link w emailu weryfikacyjnym wys\u0142anym do Ciebie przy zak\u0142adaniu konta. Gdy Tw\u00f3j adres e-mail zostanie zweryfikowany, b\u0119dziesz m\u00f3g\u0142 si\u0119 zalogowa\u0107 i rozpocz\u0105\u0107 gr\u0119 w kasynie Playamo.<\/p>\n<\/div><\/div><\/div><div class=\"ea-card  sp-ea-single\"><h3 class=\"ea-header\"><a class=\"collapsed\" data-sptoggle=\"spcollapse\" data-sptarget=\"#collapse562\" href=\"javascript:void(0)\"  aria-expanded=\"false\"><i class=\"ea-expand-icon fa fa-plus\"><\/i> Nie pami\u0119tam swojego has\u0142a. Co mam zrobi\u0107?<\/a><\/h3><div class=\"sp-collapse spcollapse\" id=\"collapse562\" ><div class=\"ea-body\"><p>Je\u015bli zapomnia\u0142e\u015b swojego has\u0142a, mo\u017cesz klikn\u0105\u0107 na link \"Zapomnia\u0142e\u015b has\u0142a?\" i post\u0119powa\u0107 zgodnie z instrukcjami, aby je zresetowa\u0107. Po zresetowaniu has\u0142a b\u0119dziesz m\u00f3g\u0142 zalogowa\u0107 si\u0119 na swoje konto i rozpocz\u0105\u0107 gr\u0119 w kasynie Playamo.<\/p>\n<\/div><\/div><\/div><div class=\"ea-card  sp-ea-single\"><h3 class=\"ea-header\"><a class=\"collapsed\" data-sptoggle=\"spcollapse\" data-sptarget=\"#collapse563\" href=\"javascript:void(0)\"  aria-expanded=\"false\"><i class=\"ea-expand-icon fa fa-plus\"><\/i> Mam problem z zalogowaniem si\u0119 do Playamo. Co powinienem zrobi\u0107?<\/a><\/h3><div class=\"sp-collapse spcollapse\" id=\"collapse563\" ><div class=\"ea-body\"><p>W przypadku problem\u00f3w z zalogowaniem si\u0119 nale\u017cy skontaktowa\u0107 si\u0119 z dzia\u0142em obs\u0142ugi klienta w celu uzyskania pomocy.<\/p>\n<\/div><\/div><\/div><div class=\"ea-card  sp-ea-single\"><h3 class=\"ea-header\"><a class=\"collapsed\" data-sptoggle=\"spcollapse\" data-sptarget=\"#collapse564\" href=\"javascript:void(0)\"  aria-expanded=\"false\"><i class=\"ea-expand-icon fa fa-plus\"><\/i> Jakie bonusy mog\u0119 otrzyma\u0107 w Playmao po zarejestrowaniu si\u0119?<\/a><\/h3><div class=\"sp-collapse spcollapse\" id=\"collapse564\" ><div class=\"ea-body\"><p>G\u0142\u00f3wne <a href=\"https:\/\/playamo.info\/pl\/bonuses\/\">Bonus Playamo<\/a> dla nowych graczy jest bonus powitalny $1500 + 150 darmowych spin\u00f3w.<\/p>\n<\/div><\/div><\/div><\/div>","protected":false},"excerpt":{"rendered":"<p>To login to Playamo Casino, you will need to have an account with the casino. If you do not have an account, you can create one by visiting the website and clicking on the &#8220;Sign Up&#8221; button. Once you have created an account, you can login by entering your username and password in the appropriate &hellip;<\/p>\n<p class=\"read-more\"> <a class=\"\" href=\"https:\/\/playamo.info\/pl\/login\/\"> <span class=\"screen-reader-text\">Playamo Login<\/span> Read More &raquo;<\/a><\/p>","protected":false},"author":1,"featured_media":0,"parent":0,"menu_order":0,"comment_status":"closed","ping_status":"closed","template":"","meta":{"site-sidebar-layout":"default","site-content-layout":"default","ast-global-header-display":"","ast-main-header-display":"","ast-hfb-above-header-display":"","ast-hfb-below-header-display":"","ast-hfb-mobile-header-display":"","site-post-title":"","ast-breadcrumbs-content":"","ast-featured-img":"","footer-sml-layout":"","theme-transparent-header-meta":"","adv-header-id-meta":"","stick-header-meta":"","header-above-stick-meta":"","header-main-stick-meta":"","header-below-stick-meta":"","footnotes":""},"class_list":["post-52","page","type-page","status-publish","hentry"],"yoast_head":"<!-- This site is optimized with the Yoast SEO plugin v19.13 - https:\/\/yoast.com\/wordpress\/plugins\/seo\/ -->\n<title>Playamo Login: \ud83e\udd21 How To Log In To Playamo Casino at Australia<\/title>\n<meta name=\"description\" content=\"How To Log In To Playamo Casino. How to register and verify with the casino. How to solve login problems\" \/>\n<meta name=\"robots\" content=\"index, follow, max-snippet:-1, max-image-preview:large, max-video-preview:-1\" \/>\n<link rel=\"canonical\" href=\"https:\/\/playamo.info\/pl\/login\/\" \/>\n<meta property=\"og:locale\" content=\"pl_PL\" \/>\n<meta property=\"og:type\" content=\"article\" \/>\n<meta property=\"og:title\" content=\"Playamo Login: \ud83e\udd21 How To Log In To Playamo Casino at Australia\" \/>\n<meta property=\"og:description\" content=\"How To Log In To Playamo Casino. How to register and verify with the casino. How to solve login problems\" \/>\n<meta property=\"og:url\" content=\"https:\/\/playamo.info\/pl\/login\/\" \/>\n<meta property=\"og:site_name\" content=\"Playamo\" \/>\n<meta property=\"article:modified_time\" content=\"2023-06-28T13:58:40+00:00\" \/>\n<meta property=\"og:image\" content=\"https:\/\/playamo.info\/wp-content\/uploads\/2022\/06\/playamo-casino-online-1024x512.jpeg\" \/>\n<meta name=\"twitter:card\" content=\"summary_large_image\" \/>\n<script type=\"application\/ld+json\" class=\"yoast-schema-graph\">{\"@context\":\"https:\/\/schema.org\",\"@graph\":[{\"@type\":\"WebPage\",\"@id\":\"https:\/\/playamo.info\/login\/\",\"url\":\"https:\/\/playamo.info\/login\/\",\"name\":\"Playamo Login: \ud83e\udd21 How To Log In To Playamo Casino at Australia\",\"isPartOf\":{\"@id\":\"https:\/\/playamo.info\/#website\"},\"datePublished\":\"2022-06-05T14:18:36+00:00\",\"dateModified\":\"2023-06-28T13:58:40+00:00\",\"description\":\"How To Log In To Playamo Casino. How to register and verify with the casino. How to solve login problems\",\"breadcrumb\":{\"@id\":\"https:\/\/playamo.info\/login\/#breadcrumb\"},\"inLanguage\":\"pl-PL\",\"potentialAction\":[{\"@type\":\"ReadAction\",\"target\":[\"https:\/\/playamo.info\/login\/\"]}]},{\"@type\":\"BreadcrumbList\",\"@id\":\"https:\/\/playamo.info\/login\/#breadcrumb\",\"itemListElement\":[{\"@type\":\"ListItem\",\"position\":1,\"name\":\"Home\",\"item\":\"https:\/\/playamo.info\/\"},{\"@type\":\"ListItem\",\"position\":2,\"name\":\"Playamo Login\"}]},{\"@type\":\"WebSite\",\"@id\":\"https:\/\/playamo.info\/#website\",\"url\":\"https:\/\/playamo.info\/\",\"name\":\"Playamo\",\"description\":\"playamo.info\",\"publisher\":{\"@id\":\"https:\/\/playamo.info\/#organization\"},\"potentialAction\":[{\"@type\":\"SearchAction\",\"target\":{\"@type\":\"EntryPoint\",\"urlTemplate\":\"https:\/\/playamo.info\/?s={search_term_string}\"},\"query-input\":\"required name=search_term_string\"}],\"inLanguage\":\"pl-PL\"},{\"@type\":\"Organization\",\"@id\":\"https:\/\/playamo.info\/#organization\",\"name\":\"Playamo\",\"url\":\"https:\/\/playamo.info\/\",\"logo\":{\"@type\":\"ImageObject\",\"inLanguage\":\"pl-PL\",\"@id\":\"https:\/\/playamo.info\/#\/schema\/logo\/image\/\",\"url\":\"https:\/\/playamo.info\/wp-content\/uploads\/2022\/06\/logo.png\",\"contentUrl\":\"https:\/\/playamo.info\/wp-content\/uploads\/2022\/06\/logo.png\",\"width\":200,\"height\":101,\"caption\":\"Playamo\"},\"image\":{\"@id\":\"https:\/\/playamo.info\/#\/schema\/logo\/image\/\"}}]}<\/script>\n<!-- \/ Yoast SEO plugin. -->","yoast_head_json":{"title":"Playamo Login: \ud83e\udd21 How To Log In To Playamo Casino at Australia","description":"How To Log In To Playamo Casino. How to register and verify with the casino. How to solve login problems","robots":{"index":"index","follow":"follow","max-snippet":"max-snippet:-1","max-image-preview":"max-image-preview:large","max-video-preview":"max-video-preview:-1"},"canonical":"https:\/\/playamo.info\/pl\/login\/","og_locale":"pl_PL","og_type":"article","og_title":"Playamo Login: \ud83e\udd21 How To Log In To Playamo Casino at Australia","og_description":"How To Log In To Playamo Casino. How to register and verify with the casino. How to solve login problems","og_url":"https:\/\/playamo.info\/pl\/login\/","og_site_name":"Playamo","article_modified_time":"2023-06-28T13:58:40+00:00","og_image":[{"url":"https:\/\/playamo.info\/wp-content\/uploads\/2022\/06\/playamo-casino-online-1024x512.jpeg"}],"twitter_card":"summary_large_image","schema":{"@context":"https:\/\/schema.org","@graph":[{"@type":"WebPage","@id":"https:\/\/playamo.info\/login\/","url":"https:\/\/playamo.info\/login\/","name":"Playamo Login: \ud83e\udd21 How To Log In To Playamo Casino at Australia","isPartOf":{"@id":"https:\/\/playamo.info\/#website"},"datePublished":"2022-06-05T14:18:36+00:00","dateModified":"2023-06-28T13:58:40+00:00","description":"How To Log In To Playamo Casino. How to register and verify with the casino. How to solve login problems","breadcrumb":{"@id":"https:\/\/playamo.info\/login\/#breadcrumb"},"inLanguage":"pl-PL","potentialAction":[{"@type":"ReadAction","target":["https:\/\/playamo.info\/login\/"]}]},{"@type":"BreadcrumbList","@id":"https:\/\/playamo.info\/login\/#breadcrumb","itemListElement":[{"@type":"ListItem","position":1,"name":"Home","item":"https:\/\/playamo.info\/"},{"@type":"ListItem","position":2,"name":"Playamo Login"}]},{"@type":"WebSite","@id":"https:\/\/playamo.info\/#website","url":"https:\/\/playamo.info\/","name":"Playamo","description":"playamo.info","publisher":{"@id":"https:\/\/playamo.info\/#organization"},"potentialAction":[{"@type":"SearchAction","target":{"@type":"EntryPoint","urlTemplate":"https:\/\/playamo.info\/?s={search_term_string}"},"query-input":"required name=search_term_string"}],"inLanguage":"pl-PL"},{"@type":"Organization","@id":"https:\/\/playamo.info\/#organization","name":"Playamo","url":"https:\/\/playamo.info\/","logo":{"@type":"ImageObject","inLanguage":"pl-PL","@id":"https:\/\/playamo.info\/#\/schema\/logo\/image\/","url":"https:\/\/playamo.info\/wp-content\/uploads\/2022\/06\/logo.png","contentUrl":"https:\/\/playamo.info\/wp-content\/uploads\/2022\/06\/logo.png","width":200,"height":101,"caption":"Playamo"},"image":{"@id":"https:\/\/playamo.info\/#\/schema\/logo\/image\/"}}]}},"_links":{"self":[{"href":"https:\/\/playamo.info\/pl\/wp-json\/wp\/v2\/pages\/52","targetHints":{"allow":["GET"]}}],"collection":[{"href":"https:\/\/playamo.info\/pl\/wp-json\/wp\/v2\/pages"}],"about":[{"href":"https:\/\/playamo.info\/pl\/wp-json\/wp\/v2\/types\/page"}],"author":[{"embeddable":true,"href":"https:\/\/playamo.info\/pl\/wp-json\/wp\/v2\/users\/1"}],"replies":[{"embeddable":true,"href":"https:\/\/playamo.info\/pl\/wp-json\/wp\/v2\/comments?post=52"}],"version-history":[{"count":5,"href":"https:\/\/playamo.info\/pl\/wp-json\/wp\/v2\/pages\/52\/revisions"}],"predecessor-version":[{"id":186,"href":"https:\/\/playamo.info\/pl\/wp-json\/wp\/v2\/pages\/52\/revisions\/186"}],"wp:attachment":[{"href":"https:\/\/playamo.info\/pl\/wp-json\/wp\/v2\/media?parent=52"}],"curies":[{"name":"wp","href":"https:\/\/api.w.org\/{rel}","templated":true}]}}