{"id":52,"date":"2022-06-05T14:18:36","date_gmt":"2022-06-05T14:18:36","guid":{"rendered":"https:\/\/playamo.info\/?page_id=52"},"modified":"2023-06-28T13:58:40","modified_gmt":"2023-06-28T13:58:40","slug":"login","status":"publish","type":"page","link":"https:\/\/playamo.info\/fi\/kirjaudu-sisaan\/","title":{"rendered":"Playamo Login"},"content":{"rendered":"<figure class=\"wp-block-image alignwide size-large\"><img loading=\"lazy\" decoding=\"async\" width=\"1024\" height=\"512\" src=\"https:\/\/playamo.info\/wp-content\/uploads\/2022\/06\/playamo-casino-online-1024x512.jpeg\" alt=\"playamo kogin\" class=\"wp-image-53\" srcset=\"https:\/\/playamo.info\/wp-content\/uploads\/2022\/06\/playamo-casino-online-1024x512.jpeg 1024w, https:\/\/playamo.info\/wp-content\/uploads\/2022\/06\/playamo-casino-online-300x150.jpeg 300w, https:\/\/playamo.info\/wp-content\/uploads\/2022\/06\/playamo-casino-online-768x384.jpeg 768w, https:\/\/playamo.info\/wp-content\/uploads\/2022\/06\/playamo-casino-online.jpeg 1400w\" sizes=\"auto, (max-width: 1024px) 100vw, 1024px\" \/><\/figure>\n\n\n\n<p>Jotta voit kirjautua Playamo Casinolle, sinulla t\u00e4ytyy olla tili kasinolla. Jos sinulla ei ole tili\u00e4, voit luoda sellaisen k\u00e4ym\u00e4ll\u00e4 verkkosivustolla ja klikkaamalla \"Rekister\u00f6idy\" -painiketta. Kun olet luonut tilin, voit kirjautua sis\u00e4\u00e4n sy\u00f6tt\u00e4m\u00e4ll\u00e4 k\u00e4ytt\u00e4j\u00e4tunnuksesi ja salasanasi asianmukaisiin kenttiin verkkosivustolla.<\/p>\n\n\n\n<h2 class=\"wp-block-heading\">\ud83c\udf52 Registration Step-By-Step Guide<\/h2>\n\n\n\n<ol class=\"wp-block-list\" type=\"1\">\n<li>K\u00e4y osoitteessa <a href=\"\/fi\/\">Playamo<\/a> Kasinon verkkosivusto.<\/li>\n\n\n\n<li>Klikkaa \"Rekister\u00f6idy\" -painiketta.<\/li>\n\n\n\n<li>Sy\u00f6t\u00e4 henkil\u00f6tietosi vaadittuihin kenttiin.<\/li>\n\n\n\n<li>Valitse k\u00e4ytt\u00e4j\u00e4tunnus ja salasana tilillesi.<\/li>\n\n\n\n<li>Sy\u00f6t\u00e4 maksutietosi.<\/li>\n\n\n\n<li>Napsauta \"Luo tili\" -painiketta.<\/li>\n<\/ol>\n\n\n\n<p>Kun tilisi on luotu, voit kirjautua sis\u00e4\u00e4n sy\u00f6tt\u00e4m\u00e4ll\u00e4 k\u00e4ytt\u00e4j\u00e4tunnuksesi ja salasanasi verkkosivuston asianmukaisiin kenttiin.<\/p>\n\n\n\n<h3 class=\"wp-block-heading\">\ud83c\udfaa Verification<\/h3>\n\n\n\n<p>Jotta voit kirjautua tilillesi, sinun on vahvistettava s\u00e4hk\u00f6postiosoitteesi. Napsauta tilisi luomisen yhteydess\u00e4 l\u00e4hett\u00e4m\u00e4ss\u00e4si vahvistuss\u00e4hk\u00f6postissa olevaa linkki\u00e4. Kun s\u00e4hk\u00f6postiosoitteesi on vahvistettu, voit kirjautua sis\u00e4\u00e4n ja aloittaa pelaamisen Playamo Casinolla.<\/p>\n\n\n\n<div class=\"wp-block-buttons alignwide is-horizontal is-content-justification-center is-layout-flex wp-container-core-buttons-is-layout-03627597 wp-block-buttons-is-layout-flex\">\n<div class=\"wp-block-button has-custom-width wp-block-button__width-100 has-custom-font-size has-medium-font-size\"><a class=\"wp-block-button__link has-ast-global-color-5-color has-text-color has-background wp-element-button\" href=\"https:\/\/media.playamopartners.com\/redirect.aspx?pid=163920&amp;bid=1929&amp;lpid=28\" style=\"border-radius:3px;background-color:#fdbd2c\"><strong>PLAYAMO LOGIN<\/strong><\/a><\/div>\n<\/div>\n\n\n\n<p><\/p>\n\n\n\n<h2 class=\"wp-block-heading\">\ud83e\udde9 How to login to Playamo at Australia<\/h2>\n\n\n\n<ol class=\"wp-block-list\">\n<li>Kirjoita k\u00e4ytt\u00e4j\u00e4tunnuksesi \"K\u00e4ytt\u00e4j\u00e4tunnus\"-kentt\u00e4\u00e4n.<\/li>\n\n\n\n<li>Kirjoita salasanasi \"Salasana\"-kentt\u00e4\u00e4n.<\/li>\n\n\n\n<li>Napsauta \"Kirjaudu sis\u00e4\u00e4n\" -painiketta.<\/li>\n<\/ol>\n\n\n\n<p>Jos olet unohtanut salasanasi, voit klikata \"Unohditko salasanasi?\" -linkki\u00e4 ja seurata ohjeita salasanan palauttamiseksi. Kun olet palauttanut salasanasi, voit kirjautua Playamoon tilillesi ja aloittaa pelaamisen.<\/p>\n\n\n\n<p><\/p>\n\n\n\n<h3 class=\"wp-block-heading\">\ud83c\udfa8 How to login Playamo from mobile<\/h3>\n\n\n\n<p>Kirjautuminen tilillesi mobiililaitteella on sama prosessi kuin kirjautuminen p\u00f6yt\u00e4tietokoneella. Sy\u00f6t\u00e4 k\u00e4ytt\u00e4j\u00e4tunnuksesi ja salasanasi asianmukaisiin kenttiin ja napsauta \"Kirjaudu sis\u00e4\u00e4n\" -painiketta.<\/p>\n\n\n\n<h2 class=\"wp-block-heading\">\ud83e\uddde\u200d\u2642\ufe0f What to do if you can&#8217;t login Playamo Casino<\/h2>\n\n\n\n<p>Jos sinulla on ongelmia kirjautumisessa tilillesi, voit kokeilla muutamaa asiaa:<\/p>\n\n\n\n<ul class=\"wp-block-list\">\n<li>Varmista, ett\u00e4 k\u00e4yt\u00e4t oikeaa k\u00e4ytt\u00e4j\u00e4tunnusta ja salasanaa. Jos olet unohtanut salasanasi, voit klikata \"Unohditko salasanasi?\" -linkki\u00e4 ja seurata ohjeita salasanan palauttamiseksi.<\/li>\n\n\n\n<li>Varmista, ett\u00e4 s\u00e4hk\u00f6postiosoitteesi on vahvistettu. Napsauta tilisi luomisen yhteydess\u00e4 l\u00e4hett\u00e4m\u00e4ss\u00e4si vahvistuss\u00e4hk\u00f6postissa olevaa linkki\u00e4.<\/li>\n\n\n\n<li>Yrit\u00e4 tyhjent\u00e4\u00e4 selaimesi v\u00e4limuisti ja ev\u00e4steet. T\u00e4m\u00e4 voi joskus ratkaista kirjautumisongelmat.<\/li>\n<\/ul>\n\n\n\n<p>Jos sinulla on edelleen ongelmia kirjautumisessa, ota yhteytt\u00e4 asiakastukeen saadaksesi apua.<\/p>\n\n\n\n<h2 class=\"wp-block-heading\">\u26a1 Tips for staying safe online<\/h2>\n\n\n\n<p>Kun pelaat nettikasinolla, on t\u00e4rke\u00e4\u00e4 pysy\u00e4 turvassa ja suojella henkil\u00f6kohtaisia tietojasi. Seuraavassa on muutamia vinkkej\u00e4, joiden avulla pysyt turvassa Playamo Casinolla pelatessasi:<\/p>\n\n\n\n<ul class=\"wp-block-list\">\n<li>K\u00e4yt\u00e4 tilillesi vahvaa ja yksil\u00f6llist\u00e4 salasanaa.<\/li>\n\n\n\n<li>\u00c4l\u00e4 jaa salasanaasi kenenk\u00e4\u00e4n kanssa.<\/li>\n\n\n\n<li>Pid\u00e4 henkil\u00f6kohtaiset tietosi turvassa.<\/li>\n\n\n\n<li>Ole varovainen, kun jaat henkil\u00f6kohtaisia tietojasi verkossa.<\/li>\n\n\n\n<li>\u00c4l\u00e4 napsauta tuntemattomien ihmisten linkkej\u00e4 tai liitetiedostoja.<\/li>\n\n\n\n<li>Jos saat ep\u00e4ilytt\u00e4v\u00e4n n\u00e4k\u00f6isen s\u00e4hk\u00f6postin, \u00e4l\u00e4 avaa sit\u00e4.<\/li>\n<\/ul>\n\n\n\n<p>Noudattamalla n\u00e4it\u00e4 vinkkej\u00e4 voit pit\u00e4\u00e4 tilisi turvallisena ja varmana pelatessasi Playamo Casinolla.<\/p>\n\n\n\n<h2 class=\"wp-block-heading\">\ud83c\udf14 FAQs<\/h2>\n\n\n<style>#sp-ea-56 .spcollapsing { height: 0; overflow: hidden; transition-property: height;transition-duration: 300ms;}#sp-ea-56.sp-easy-accordion>.sp-ea-single {border: 1px solid #e2e2e2; }#sp-ea-56.sp-easy-accordion>.sp-ea-single>.ea-header a {color: #444;}#sp-ea-56.sp-easy-accordion>.sp-ea-single>.sp-collapse>.ea-body {background: #fff; color: #444;}#sp-ea-56.sp-easy-accordion>.sp-ea-single {background: #eee;}#sp-ea-56.sp-easy-accordion>.sp-ea-single>.ea-header a .ea-expand-icon.fa { float: left; color: #444;font-size: 16px;}<\/style><div id=\"sp-ea-56\" class=\"sp-ea-one sp-easy-accordion\" data-ex-icon=\"fa-minus\" data-col-icon=\"fa-plus\"  data-ea-active=\"ea-click\"  data-ea-mode=\"vertical\" data-preloader=\"\" data-scroll-active-item=\"\" data-offset-to-scroll=\"0\"><div class=\"ea-card ea-expand sp-ea-single\"><h3 class=\"ea-header\"><a class=\"collapsed\" data-sptoggle=\"spcollapse\" data-sptarget=\"#collapse560\" href=\"javascript:void(0)\"  aria-expanded=\"true\"><i class=\"ea-expand-icon fa fa-minus\"><\/i> Mit\u00e4 minun t\u00e4ytyy tehd\u00e4 kirjautuakseni Playamo Casinolle?<\/a><\/h3><div class=\"sp-collapse spcollapse collapsed show\" id=\"collapse560\" ><div class=\"ea-body\"><p>Kirjautuaksesi sis\u00e4\u00e4n, sinulla on oltava tili kasinolla. Jos sinulla ei ole tili\u00e4, voit luoda sellaisen k\u00e4ym\u00e4ll\u00e4 sivustolla ja klikkaamalla \"Rekister\u00f6idy\" -painiketta. Kun olet luonut tilin, voit kirjautua sis\u00e4\u00e4n sy\u00f6tt\u00e4m\u00e4ll\u00e4 k\u00e4ytt\u00e4j\u00e4tunnuksesi ja salasanasi verkkosivuston asianmukaisiin kenttiin.<\/p>\n<\/div><\/div><\/div><div class=\"ea-card  sp-ea-single\"><h3 class=\"ea-header\"><a class=\"collapsed\" data-sptoggle=\"spcollapse\" data-sptarget=\"#collapse561\" href=\"javascript:void(0)\"  aria-expanded=\"false\"><i class=\"ea-expand-icon fa fa-plus\"><\/i> Miten vahvistan s\u00e4hk\u00f6postiosoitteeni?<\/a><\/h3><div class=\"sp-collapse spcollapse\" id=\"collapse561\" ><div class=\"ea-body\"><p>Vahvista s\u00e4hk\u00f6postiosoitteesi klikkaamalla linkki\u00e4 vahvistuss\u00e4hk\u00f6postissa, joka l\u00e4hetettiin sinulle tilisi luomisen yhteydess\u00e4. Kun s\u00e4hk\u00f6postiosoitteesi on vahvistettu, voit kirjautua sis\u00e4\u00e4n ja aloittaa pelaamisen Playamo Casinolla.<\/p>\n<\/div><\/div><\/div><div class=\"ea-card  sp-ea-single\"><h3 class=\"ea-header\"><a class=\"collapsed\" data-sptoggle=\"spcollapse\" data-sptarget=\"#collapse562\" href=\"javascript:void(0)\"  aria-expanded=\"false\"><i class=\"ea-expand-icon fa fa-plus\"><\/i> Olen unohtanut salasanani. Mit\u00e4 minun pit\u00e4isi tehd\u00e4?<\/a><\/h3><div class=\"sp-collapse spcollapse\" id=\"collapse562\" ><div class=\"ea-body\"><p>Jos olet unohtanut salasanasi, voit klikata \"Unohditko salasanasi?\" -linkki\u00e4 ja seurata ohjeita salasanan palauttamiseksi. Kun olet palauttanut salasanasi, voit kirjautua tilillesi ja aloittaa pelaamisen Playamo Casinolla.<\/p>\n<\/div><\/div><\/div><div class=\"ea-card  sp-ea-single\"><h3 class=\"ea-header\"><a class=\"collapsed\" data-sptoggle=\"spcollapse\" data-sptarget=\"#collapse563\" href=\"javascript:void(0)\"  aria-expanded=\"false\"><i class=\"ea-expand-icon fa fa-plus\"><\/i> Minulla on ongelmia Playamo-kirjautumisen kanssa. Mit\u00e4 minun pit\u00e4isi tehd\u00e4?<\/a><\/h3><div class=\"sp-collapse spcollapse\" id=\"collapse563\" ><div class=\"ea-body\"><p>Jos sinulla on ongelmia kirjautumisessa, ota yhteytt\u00e4 asiakastukeen saadaksesi apua.<\/p>\n<\/div><\/div><\/div><div class=\"ea-card  sp-ea-single\"><h3 class=\"ea-header\"><a class=\"collapsed\" data-sptoggle=\"spcollapse\" data-sptarget=\"#collapse564\" href=\"javascript:void(0)\"  aria-expanded=\"false\"><i class=\"ea-expand-icon fa fa-plus\"><\/i> Mit\u00e4 bonuksia voin saada Playmaossa rekister\u00f6itymisen j\u00e4lkeen?<\/a><\/h3><div class=\"sp-collapse spcollapse\" id=\"collapse564\" ><div class=\"ea-body\"><p>T\u00e4rkein <a href=\"https:\/\/playamo.info\/fi\/bonuses\/\">Playamo bonus<\/a> uusille pelaajille on tervetuliaisbonus $1500 + 150 ilmaiskierrosta.<\/p>\n<\/div><\/div><\/div><\/div>","protected":false},"excerpt":{"rendered":"<p>To login to Playamo Casino, you will need to have an account with the casino. If you do not have an account, you can create one by visiting the website and clicking on the &#8220;Sign Up&#8221; button. Once you have created an account, you can login by entering your username and password in the appropriate &hellip;<\/p>\n<p class=\"read-more\"> <a class=\"\" href=\"https:\/\/playamo.info\/fi\/kirjaudu-sisaan\/\"> <span class=\"screen-reader-text\">Playamo Login<\/span> Lue lis\u00e4\u00e4 &raquo;<\/a><\/p>","protected":false},"author":1,"featured_media":0,"parent":0,"menu_order":0,"comment_status":"closed","ping_status":"closed","template":"","meta":{"site-sidebar-layout":"default","site-content-layout":"default","ast-global-header-display":"","ast-main-header-display":"","ast-hfb-above-header-display":"","ast-hfb-below-header-display":"","ast-hfb-mobile-header-display":"","site-post-title":"","ast-breadcrumbs-content":"","ast-featured-img":"","footer-sml-layout":"","theme-transparent-header-meta":"","adv-header-id-meta":"","stick-header-meta":"","header-above-stick-meta":"","header-main-stick-meta":"","header-below-stick-meta":"","footnotes":""},"class_list":["post-52","page","type-page","status-publish","hentry"],"yoast_head":"<!-- This site is optimized with the Yoast SEO plugin v19.13 - https:\/\/yoast.com\/wordpress\/plugins\/seo\/ -->\n<title>Playamo Login: \ud83e\udd21 How To Log In To Playamo Casino at Australia<\/title>\n<meta name=\"description\" content=\"How To Log In To Playamo Casino. How to register and verify with the casino. How to solve login problems\" \/>\n<meta name=\"robots\" content=\"index, follow, max-snippet:-1, max-image-preview:large, max-video-preview:-1\" \/>\n<link rel=\"canonical\" href=\"https:\/\/playamo.info\/fi\/kirjaudu-sisaan\/\" \/>\n<meta property=\"og:locale\" content=\"fi_FI\" \/>\n<meta property=\"og:type\" content=\"article\" \/>\n<meta property=\"og:title\" content=\"Playamo Login: \ud83e\udd21 How To Log In To Playamo Casino at Australia\" \/>\n<meta property=\"og:description\" content=\"How To Log In To Playamo Casino. How to register and verify with the casino. How to solve login problems\" \/>\n<meta property=\"og:url\" content=\"https:\/\/playamo.info\/fi\/kirjaudu-sisaan\/\" \/>\n<meta property=\"og:site_name\" content=\"Playamo\" \/>\n<meta property=\"article:modified_time\" content=\"2023-06-28T13:58:40+00:00\" \/>\n<meta property=\"og:image\" content=\"https:\/\/playamo.info\/wp-content\/uploads\/2022\/06\/playamo-casino-online-1024x512.jpeg\" \/>\n<meta name=\"twitter:card\" content=\"summary_large_image\" \/>\n<script type=\"application\/ld+json\" class=\"yoast-schema-graph\">{\"@context\":\"https:\/\/schema.org\",\"@graph\":[{\"@type\":\"WebPage\",\"@id\":\"https:\/\/playamo.info\/login\/\",\"url\":\"https:\/\/playamo.info\/login\/\",\"name\":\"Playamo Login: \ud83e\udd21 How To Log In To Playamo Casino at Australia\",\"isPartOf\":{\"@id\":\"https:\/\/playamo.info\/#website\"},\"datePublished\":\"2022-06-05T14:18:36+00:00\",\"dateModified\":\"2023-06-28T13:58:40+00:00\",\"description\":\"How To Log In To Playamo Casino. How to register and verify with the casino. How to solve login problems\",\"breadcrumb\":{\"@id\":\"https:\/\/playamo.info\/login\/#breadcrumb\"},\"inLanguage\":\"fi\",\"potentialAction\":[{\"@type\":\"ReadAction\",\"target\":[\"https:\/\/playamo.info\/login\/\"]}]},{\"@type\":\"BreadcrumbList\",\"@id\":\"https:\/\/playamo.info\/login\/#breadcrumb\",\"itemListElement\":[{\"@type\":\"ListItem\",\"position\":1,\"name\":\"Home\",\"item\":\"https:\/\/playamo.info\/\"},{\"@type\":\"ListItem\",\"position\":2,\"name\":\"Playamo Login\"}]},{\"@type\":\"WebSite\",\"@id\":\"https:\/\/playamo.info\/#website\",\"url\":\"https:\/\/playamo.info\/\",\"name\":\"Playamo\",\"description\":\"playamo.info\",\"publisher\":{\"@id\":\"https:\/\/playamo.info\/#organization\"},\"potentialAction\":[{\"@type\":\"SearchAction\",\"target\":{\"@type\":\"EntryPoint\",\"urlTemplate\":\"https:\/\/playamo.info\/?s={search_term_string}\"},\"query-input\":\"required name=search_term_string\"}],\"inLanguage\":\"fi\"},{\"@type\":\"Organization\",\"@id\":\"https:\/\/playamo.info\/#organization\",\"name\":\"Playamo\",\"url\":\"https:\/\/playamo.info\/\",\"logo\":{\"@type\":\"ImageObject\",\"inLanguage\":\"fi\",\"@id\":\"https:\/\/playamo.info\/#\/schema\/logo\/image\/\",\"url\":\"https:\/\/playamo.info\/wp-content\/uploads\/2022\/06\/logo.png\",\"contentUrl\":\"https:\/\/playamo.info\/wp-content\/uploads\/2022\/06\/logo.png\",\"width\":200,\"height\":101,\"caption\":\"Playamo\"},\"image\":{\"@id\":\"https:\/\/playamo.info\/#\/schema\/logo\/image\/\"}}]}<\/script>\n<!-- \/ Yoast SEO plugin. -->","yoast_head_json":{"title":"Playamo Login: \ud83e\udd21 How To Log In To Playamo Casino at Australia","description":"How To Log In To Playamo Casino. How to register and verify with the casino. How to solve login problems","robots":{"index":"index","follow":"follow","max-snippet":"max-snippet:-1","max-image-preview":"max-image-preview:large","max-video-preview":"max-video-preview:-1"},"canonical":"https:\/\/playamo.info\/fi\/kirjaudu-sisaan\/","og_locale":"fi_FI","og_type":"article","og_title":"Playamo Login: \ud83e\udd21 How To Log In To Playamo Casino at Australia","og_description":"How To Log In To Playamo Casino. How to register and verify with the casino. How to solve login problems","og_url":"https:\/\/playamo.info\/fi\/kirjaudu-sisaan\/","og_site_name":"Playamo","article_modified_time":"2023-06-28T13:58:40+00:00","og_image":[{"url":"https:\/\/playamo.info\/wp-content\/uploads\/2022\/06\/playamo-casino-online-1024x512.jpeg"}],"twitter_card":"summary_large_image","schema":{"@context":"https:\/\/schema.org","@graph":[{"@type":"WebPage","@id":"https:\/\/playamo.info\/login\/","url":"https:\/\/playamo.info\/login\/","name":"Playamo Login: \ud83e\udd21 How To Log In To Playamo Casino at Australia","isPartOf":{"@id":"https:\/\/playamo.info\/#website"},"datePublished":"2022-06-05T14:18:36+00:00","dateModified":"2023-06-28T13:58:40+00:00","description":"How To Log In To Playamo Casino. How to register and verify with the casino. How to solve login problems","breadcrumb":{"@id":"https:\/\/playamo.info\/login\/#breadcrumb"},"inLanguage":"fi","potentialAction":[{"@type":"ReadAction","target":["https:\/\/playamo.info\/login\/"]}]},{"@type":"BreadcrumbList","@id":"https:\/\/playamo.info\/login\/#breadcrumb","itemListElement":[{"@type":"ListItem","position":1,"name":"Home","item":"https:\/\/playamo.info\/"},{"@type":"ListItem","position":2,"name":"Playamo Login"}]},{"@type":"WebSite","@id":"https:\/\/playamo.info\/#website","url":"https:\/\/playamo.info\/","name":"Playamo","description":"playamo.info","publisher":{"@id":"https:\/\/playamo.info\/#organization"},"potentialAction":[{"@type":"SearchAction","target":{"@type":"EntryPoint","urlTemplate":"https:\/\/playamo.info\/?s={search_term_string}"},"query-input":"required name=search_term_string"}],"inLanguage":"fi"},{"@type":"Organization","@id":"https:\/\/playamo.info\/#organization","name":"Playamo","url":"https:\/\/playamo.info\/","logo":{"@type":"ImageObject","inLanguage":"fi","@id":"https:\/\/playamo.info\/#\/schema\/logo\/image\/","url":"https:\/\/playamo.info\/wp-content\/uploads\/2022\/06\/logo.png","contentUrl":"https:\/\/playamo.info\/wp-content\/uploads\/2022\/06\/logo.png","width":200,"height":101,"caption":"Playamo"},"image":{"@id":"https:\/\/playamo.info\/#\/schema\/logo\/image\/"}}]}},"_links":{"self":[{"href":"https:\/\/playamo.info\/fi\/wp-json\/wp\/v2\/pages\/52","targetHints":{"allow":["GET"]}}],"collection":[{"href":"https:\/\/playamo.info\/fi\/wp-json\/wp\/v2\/pages"}],"about":[{"href":"https:\/\/playamo.info\/fi\/wp-json\/wp\/v2\/types\/page"}],"author":[{"embeddable":true,"href":"https:\/\/playamo.info\/fi\/wp-json\/wp\/v2\/users\/1"}],"replies":[{"embeddable":true,"href":"https:\/\/playamo.info\/fi\/wp-json\/wp\/v2\/comments?post=52"}],"version-history":[{"count":5,"href":"https:\/\/playamo.info\/fi\/wp-json\/wp\/v2\/pages\/52\/revisions"}],"predecessor-version":[{"id":186,"href":"https:\/\/playamo.info\/fi\/wp-json\/wp\/v2\/pages\/52\/revisions\/186"}],"wp:attachment":[{"href":"https:\/\/playamo.info\/fi\/wp-json\/wp\/v2\/media?parent=52"}],"curies":[{"name":"wp","href":"https:\/\/api.w.org\/{rel}","templated":true}]}}