{"id":93,"date":"2022-06-06T11:45:23","date_gmt":"2022-06-06T11:45:23","guid":{"rendered":"https:\/\/playamo.info\/?page_id=93"},"modified":"2023-05-23T14:09:13","modified_gmt":"2023-05-23T14:09:13","slug":"about-us","status":"publish","type":"page","link":"https:\/\/playamo.info\/de\/about-us\/","title":{"rendered":"\u00dcBER UNS - Playamo"},"content":{"rendered":"<h2 class=\"wp-block-heading\">Wer wir sind<\/h2>\n\n\n\n<p>Hier bei PlayAmo sind wir genau die gleichen Spieler wie Sie. Wir selbst spielen schon seit vielen Jahren auf verschiedenen Casinoseiten und haben daher eine gro\u00dfe Spielerfahrung. Wir haben Hunderte von Spielen gesehen und Dutzende von Casino-Websites besucht. Wir wissen, was Sie als Spieler brauchen und erwarten.<\/p>\n\n\n\n<h2 class=\"wp-block-heading\">Was PlayAmo ist<\/h2>\n\n\n\n<p>Das PlayAmo-Casino wird von einem Team erfahrener Casinospieler und -enthusiasten geleitet, die \u00fcber umfangreiche Erfahrungen sowohl beim Spielen als auch beim Betreiben von Online-Casinos verf\u00fcgen. Es ist ein High-End-Casino mit Spielen von den besten Entwicklern in der Branche, Support-Service immer bereit, Sie in jeder Situation zu unterst\u00fctzen, und nat\u00fcrlich gro\u00dfe Gewinne nur ein paar Mausklicks entfernt. Verpassen Sie also nicht Ihre Chance und treten Sie jetzt bei uns ein!<\/p>\n\n\n\n<h2 class=\"wp-block-heading\">Unsere Philosophie<\/h2>\n\n\n\n<p>Heutzutage gibt es eine gro\u00dfe Anzahl von Online-Casinos, aus denen die Spieler w\u00e4hlen k\u00f6nnen. Jedes einzelne von ihnen behauptet, bestimmte exklusive Eigenschaften zu haben und in der Lage zu sein, ihren Spielern ein einzigartiges Spielerlebnis zu bieten. Hier bei PlayAmo werden wir weder unsere noch Ihre Zeit damit verschwenden, die gleichen Worte zu sagen, die Sie vielleicht schon unz\u00e4hlige Male geh\u00f6rt haben. Alles, was wir sagen wollen, ist, dass wir hier bei PlayAmo genau die gleichen Spieler sind wie Sie, also wissen wir genau, was ein echter Spieler braucht und erwartet.<\/p>\n\n\n\n<h2 class=\"wp-block-heading\">SOFTWARE<\/h2>\n\n\n\n<p>PlayAmo verwendet Produkte der besten Casinosoftware- und Spieleanbieter, die es gibt. Sie haben vielleicht schon von ihnen geh\u00f6rt - Amatic, BetSoft, Endorphina, Ezugi, Microgaming, SoftSwiss. Jeder echte Casinospieler kennt diese Namen und vertraut ihnen, genau wie wir es tun. Wir wollen nicht, dass unsere Spieler Teil einer Art von Experiment sind. Wir wollen unseren Spielern einfach ein zuverl\u00e4ssiges Spielerlebnis bieten, das wir selbst genie\u00dfen w\u00fcrden. Und das tun wir!<\/p>\n\n\n\n<h2 class=\"wp-block-heading\">LIZENZ<\/h2>\n\n\n\n<p>Die Website www.playamo.info (\"Casino\", \"Website\", \"Unternehmen\", \"Wir\", \"Uns\", \"Unser\") ist Eigentum und wird betrieben von Dama N.V., einem nach dem Recht von Cura\u00e7ao eingetragenen und gegr\u00fcndeten Unternehmen mit der Registrierungsnummer 152125 und der registrierten Adresse Scharlooweg 39, Willemstad, Cura\u00e7ao, und seiner hundertprozentigen Tochtergesellschaft Friolion Limited, registriert in Zypern mit der Registrierungsnummer HE 419102 und der registrierten Adresse Leandrou, 12A 3086, Limassol, \u0421yprus. Dama N.V. ist lizenziert und wird reguliert durch Antillephone N.V. (Lizenz Nr. 8048\/JAZ2020-013). Alle Zahlungen mit Paysafe werden \u00fcber Dama N.V. abgewickelt. Es liegt in der alleinigen Verantwortung des Spielers, sich \u00fcber die bestehenden Gesetze und Vorschriften der jeweiligen Gerichtsbarkeit f\u00fcr Online-Gl\u00fccksspiele zu erkundigen.<\/p>\n\n\n\n<h2 class=\"wp-block-heading\">Unterst\u00fctzung<\/h2>\n\n\n\n<p>Da wir selbst Spieler sind, wissen wir es zu sch\u00e4tzen, wenn wir gut behandelt werden. W\u00e4hrend des Spielens k\u00f6nnen Sie auf bestimmte Probleme sto\u00dfen, und unser professionelles Support-Team wird Ihnen immer gerne helfen. Da unser Kundendienst 24 Stunden am Tag, 7 Tage die Woche per Chat oder E-Mail erreichbar ist, werden Sie nie Probleme haben, Ihre Probleme zeitnah zu l\u00f6sen.<\/p>","protected":false},"excerpt":{"rendered":"<p>Who We Are Here at PlayAmo we are just the same players as you. We ourselves have been playing at different casino sites for many years and therefore have vast playing experience. We\u2019ve seen hundreds of games and visited dozens of casino-sites. We know what you need and expect as a player. What PlayAmo Is &hellip;<\/p>\n<p class=\"read-more\"> <a class=\"\" href=\"https:\/\/playamo.info\/de\/about-us\/\"> <span class=\"screen-reader-text\">\u00dcBER UNS - Playamo<\/span> Read More &raquo;<\/a><\/p>","protected":false},"author":1,"featured_media":0,"parent":0,"menu_order":0,"comment_status":"closed","ping_status":"closed","template":"","meta":{"site-sidebar-layout":"default","site-content-layout":"default","ast-global-header-display":"","ast-main-header-display":"","ast-hfb-above-header-display":"","ast-hfb-below-header-display":"","ast-hfb-mobile-header-display":"","site-post-title":"","ast-breadcrumbs-content":"","ast-featured-img":"","footer-sml-layout":"","theme-transparent-header-meta":"","adv-header-id-meta":"","stick-header-meta":"","header-above-stick-meta":"","header-main-stick-meta":"","header-below-stick-meta":"","footnotes":""},"class_list":["post-93","page","type-page","status-publish","hentry"],"yoast_head":"<!-- This site is optimized with the Yoast SEO plugin v19.13 - https:\/\/yoast.com\/wordpress\/plugins\/seo\/ -->\n<title>ABOUT US - Playamo.info<\/title>\n<meta name=\"description\" content=\"Here at PlayAmo we are just the same players as you. We ourselves have been playing at different casino sites for many years and therefore have vast playing experience.\" \/>\n<meta name=\"robots\" content=\"index, follow, max-snippet:-1, max-image-preview:large, max-video-preview:-1\" \/>\n<link rel=\"canonical\" href=\"https:\/\/playamo.info\/de\/about-us\/\" \/>\n<meta property=\"og:locale\" content=\"de_DE\" \/>\n<meta property=\"og:type\" content=\"article\" \/>\n<meta property=\"og:title\" content=\"ABOUT US - Playamo.info\" \/>\n<meta property=\"og:description\" content=\"Here at PlayAmo we are just the same players as you. We ourselves have been playing at different casino sites for many years and therefore have vast playing experience.\" \/>\n<meta property=\"og:url\" content=\"https:\/\/playamo.info\/de\/about-us\/\" \/>\n<meta property=\"og:site_name\" content=\"Playamo\" \/>\n<meta property=\"article:modified_time\" content=\"2023-05-23T14:09:13+00:00\" \/>\n<meta name=\"twitter:card\" content=\"summary_large_image\" \/>\n<script type=\"application\/ld+json\" class=\"yoast-schema-graph\">{\"@context\":\"https:\/\/schema.org\",\"@graph\":[{\"@type\":\"WebPage\",\"@id\":\"https:\/\/playamo.info\/about-us\/\",\"url\":\"https:\/\/playamo.info\/about-us\/\",\"name\":\"ABOUT US - Playamo.info\",\"isPartOf\":{\"@id\":\"https:\/\/playamo.info\/#website\"},\"datePublished\":\"2022-06-06T11:45:23+00:00\",\"dateModified\":\"2023-05-23T14:09:13+00:00\",\"description\":\"Here at PlayAmo we are just the same players as you. We ourselves have been playing at different casino sites for many years and therefore have vast playing experience.\",\"breadcrumb\":{\"@id\":\"https:\/\/playamo.info\/about-us\/#breadcrumb\"},\"inLanguage\":\"de-AT\",\"potentialAction\":[{\"@type\":\"ReadAction\",\"target\":[\"https:\/\/playamo.info\/about-us\/\"]}]},{\"@type\":\"BreadcrumbList\",\"@id\":\"https:\/\/playamo.info\/about-us\/#breadcrumb\",\"itemListElement\":[{\"@type\":\"ListItem\",\"position\":1,\"name\":\"Home\",\"item\":\"https:\/\/playamo.info\/\"},{\"@type\":\"ListItem\",\"position\":2,\"name\":\"ABOUT US &#8211; Playamo\"}]},{\"@type\":\"WebSite\",\"@id\":\"https:\/\/playamo.info\/#website\",\"url\":\"https:\/\/playamo.info\/\",\"name\":\"Playamo\",\"description\":\"playamo.info\",\"publisher\":{\"@id\":\"https:\/\/playamo.info\/#organization\"},\"potentialAction\":[{\"@type\":\"SearchAction\",\"target\":{\"@type\":\"EntryPoint\",\"urlTemplate\":\"https:\/\/playamo.info\/?s={search_term_string}\"},\"query-input\":\"required name=search_term_string\"}],\"inLanguage\":\"de-AT\"},{\"@type\":\"Organization\",\"@id\":\"https:\/\/playamo.info\/#organization\",\"name\":\"Playamo\",\"url\":\"https:\/\/playamo.info\/\",\"logo\":{\"@type\":\"ImageObject\",\"inLanguage\":\"de-AT\",\"@id\":\"https:\/\/playamo.info\/#\/schema\/logo\/image\/\",\"url\":\"https:\/\/playamo.info\/wp-content\/uploads\/2022\/06\/logo.png\",\"contentUrl\":\"https:\/\/playamo.info\/wp-content\/uploads\/2022\/06\/logo.png\",\"width\":200,\"height\":101,\"caption\":\"Playamo\"},\"image\":{\"@id\":\"https:\/\/playamo.info\/#\/schema\/logo\/image\/\"}}]}<\/script>\n<!-- \/ Yoast SEO plugin. -->","yoast_head_json":{"title":"ABOUT US - Playamo.info","description":"Here at PlayAmo we are just the same players as you. We ourselves have been playing at different casino sites for many years and therefore have vast playing experience.","robots":{"index":"index","follow":"follow","max-snippet":"max-snippet:-1","max-image-preview":"max-image-preview:large","max-video-preview":"max-video-preview:-1"},"canonical":"https:\/\/playamo.info\/de\/about-us\/","og_locale":"de_DE","og_type":"article","og_title":"ABOUT US - Playamo.info","og_description":"Here at PlayAmo we are just the same players as you. We ourselves have been playing at different casino sites for many years and therefore have vast playing experience.","og_url":"https:\/\/playamo.info\/de\/about-us\/","og_site_name":"Playamo","article_modified_time":"2023-05-23T14:09:13+00:00","twitter_card":"summary_large_image","schema":{"@context":"https:\/\/schema.org","@graph":[{"@type":"WebPage","@id":"https:\/\/playamo.info\/about-us\/","url":"https:\/\/playamo.info\/about-us\/","name":"ABOUT US - Playamo.info","isPartOf":{"@id":"https:\/\/playamo.info\/#website"},"datePublished":"2022-06-06T11:45:23+00:00","dateModified":"2023-05-23T14:09:13+00:00","description":"Here at PlayAmo we are just the same players as you. We ourselves have been playing at different casino sites for many years and therefore have vast playing experience.","breadcrumb":{"@id":"https:\/\/playamo.info\/about-us\/#breadcrumb"},"inLanguage":"de-AT","potentialAction":[{"@type":"ReadAction","target":["https:\/\/playamo.info\/about-us\/"]}]},{"@type":"BreadcrumbList","@id":"https:\/\/playamo.info\/about-us\/#breadcrumb","itemListElement":[{"@type":"ListItem","position":1,"name":"Home","item":"https:\/\/playamo.info\/"},{"@type":"ListItem","position":2,"name":"ABOUT US &#8211; Playamo"}]},{"@type":"WebSite","@id":"https:\/\/playamo.info\/#website","url":"https:\/\/playamo.info\/","name":"Playamo","description":"playamo.info","publisher":{"@id":"https:\/\/playamo.info\/#organization"},"potentialAction":[{"@type":"SearchAction","target":{"@type":"EntryPoint","urlTemplate":"https:\/\/playamo.info\/?s={search_term_string}"},"query-input":"required name=search_term_string"}],"inLanguage":"de-AT"},{"@type":"Organization","@id":"https:\/\/playamo.info\/#organization","name":"Playamo","url":"https:\/\/playamo.info\/","logo":{"@type":"ImageObject","inLanguage":"de-AT","@id":"https:\/\/playamo.info\/#\/schema\/logo\/image\/","url":"https:\/\/playamo.info\/wp-content\/uploads\/2022\/06\/logo.png","contentUrl":"https:\/\/playamo.info\/wp-content\/uploads\/2022\/06\/logo.png","width":200,"height":101,"caption":"Playamo"},"image":{"@id":"https:\/\/playamo.info\/#\/schema\/logo\/image\/"}}]}},"_links":{"self":[{"href":"https:\/\/playamo.info\/de\/wp-json\/wp\/v2\/pages\/93","targetHints":{"allow":["GET"]}}],"collection":[{"href":"https:\/\/playamo.info\/de\/wp-json\/wp\/v2\/pages"}],"about":[{"href":"https:\/\/playamo.info\/de\/wp-json\/wp\/v2\/types\/page"}],"author":[{"embeddable":true,"href":"https:\/\/playamo.info\/de\/wp-json\/wp\/v2\/users\/1"}],"replies":[{"embeddable":true,"href":"https:\/\/playamo.info\/de\/wp-json\/wp\/v2\/comments?post=93"}],"version-history":[{"count":2,"href":"https:\/\/playamo.info\/de\/wp-json\/wp\/v2\/pages\/93\/revisions"}],"predecessor-version":[{"id":181,"href":"https:\/\/playamo.info\/de\/wp-json\/wp\/v2\/pages\/93\/revisions\/181"}],"wp:attachment":[{"href":"https:\/\/playamo.info\/de\/wp-json\/wp\/v2\/media?parent=93"}],"curies":[{"name":"wp","href":"https:\/\/api.w.org\/{rel}","templated":true}]}}