{"id":52,"date":"2022-06-05T14:18:36","date_gmt":"2022-06-05T14:18:36","guid":{"rendered":"https:\/\/playamo.info\/?page_id=52"},"modified":"2023-06-28T13:58:40","modified_gmt":"2023-06-28T13:58:40","slug":"login","status":"publish","type":"page","link":"https:\/\/playamo.info\/de\/anmeldung\/","title":{"rendered":"Playamo Login"},"content":{"rendered":"<figure class=\"wp-block-image alignwide size-large\"><img loading=\"lazy\" decoding=\"async\" width=\"1024\" height=\"512\" src=\"https:\/\/playamo.info\/wp-content\/uploads\/2022\/06\/playamo-casino-online-1024x512.jpeg\" alt=\"Playamo Kogin\" class=\"wp-image-53\" srcset=\"https:\/\/playamo.info\/wp-content\/uploads\/2022\/06\/playamo-casino-online-1024x512.jpeg 1024w, https:\/\/playamo.info\/wp-content\/uploads\/2022\/06\/playamo-casino-online-300x150.jpeg 300w, https:\/\/playamo.info\/wp-content\/uploads\/2022\/06\/playamo-casino-online-768x384.jpeg 768w, https:\/\/playamo.info\/wp-content\/uploads\/2022\/06\/playamo-casino-online.jpeg 1400w\" sizes=\"auto, (max-width: 1024px) 100vw, 1024px\" \/><\/figure>\n\n\n\n<p>Um sich bei Playamo Casino anzumelden, m\u00fcssen Sie ein Konto bei dem Casino haben. Wenn Sie noch kein Konto haben, k\u00f6nnen Sie eines erstellen, indem Sie die Website besuchen und auf die Schaltfl\u00e4che \"Anmelden\" klicken. Sobald Sie ein Konto erstellt haben, k\u00f6nnen Sie sich anmelden, indem Sie Ihren Benutzernamen und Ihr Passwort in die entsprechenden Felder auf der Website eingeben.<\/p>\n\n\n\n<h2 class=\"wp-block-heading\">\ud83c\udf52 Registration Step-By-Step Guide<\/h2>\n\n\n\n<ol class=\"wp-block-list\" type=\"1\">\n<li>Besuchen Sie die <a href=\"\/de\/\">Playamo<\/a> Website des Kasinos.<\/li>\n\n\n\n<li>Klicken Sie auf die Schaltfl\u00e4che \"Anmelden\".<\/li>\n\n\n\n<li>Geben Sie Ihre pers\u00f6nlichen Daten in die erforderlichen Felder ein.<\/li>\n\n\n\n<li>W\u00e4hlen Sie einen Benutzernamen und ein Passwort f\u00fcr Ihr Konto.<\/li>\n\n\n\n<li>Geben Sie Ihre Zahlungsinformationen ein.<\/li>\n\n\n\n<li>Klicken Sie auf die Schaltfl\u00e4che \"Konto erstellen\".<\/li>\n<\/ol>\n\n\n\n<p>Sobald Sie Ihr Konto erstellt haben, k\u00f6nnen Sie sich anmelden, indem Sie Ihren Benutzernamen und Ihr Passwort in die entsprechenden Felder auf der Website eingeben.<\/p>\n\n\n\n<h3 class=\"wp-block-heading\">\ud83c\udfaa Verification<\/h3>\n\n\n\n<p>Um sich bei Ihrem Konto anzumelden, m\u00fcssen Sie Ihre E-Mail-Adresse verifizieren. Klicken Sie dazu einfach auf den Link in der Best\u00e4tigungs-E-Mail, die Sie bei der Erstellung Ihres Kontos erhalten haben. Sobald Ihre E-Mail-Adresse verifiziert wurde, k\u00f6nnen Sie sich anmelden und mit dem Spielen im Playamo Casino beginnen.<\/p>\n\n\n\n<div class=\"wp-block-buttons alignwide is-horizontal is-content-justification-center is-layout-flex wp-container-core-buttons-is-layout-03627597 wp-block-buttons-is-layout-flex\">\n<div class=\"wp-block-button has-custom-width wp-block-button__width-100 has-custom-font-size has-medium-font-size\"><a class=\"wp-block-button__link has-ast-global-color-5-color has-text-color has-background wp-element-button\" href=\"https:\/\/media.playamopartners.com\/redirect.aspx?pid=163920&amp;bid=1929&amp;lpid=28\" style=\"border-radius:3px;background-color:#fdbd2c\"><strong>PLAYAMO LOGIN<\/strong><\/a><\/div>\n<\/div>\n\n\n\n<p><\/p>\n\n\n\n<h2 class=\"wp-block-heading\">\ud83e\udde9 How to login to Playamo at Australia<\/h2>\n\n\n\n<ol class=\"wp-block-list\">\n<li>Geben Sie Ihren Benutzernamen in das Feld \"Benutzername\" ein.<\/li>\n\n\n\n<li>Geben Sie Ihr Passwort in das Feld \"Passwort\" ein.<\/li>\n\n\n\n<li>Klicken Sie auf die Schaltfl\u00e4che \"Anmelden\".<\/li>\n<\/ol>\n\n\n\n<p>Wenn du dein Passwort vergessen hast, kannst du auf den Link \"Passwort vergessen?\" klicken und den Anweisungen folgen, um es zur\u00fcckzusetzen. Sobald Sie Ihr Passwort zur\u00fcckgesetzt haben, k\u00f6nnen Sie sich bei Playamo in Ihr Konto einloggen und mit dem Spielen beginnen.<\/p>\n\n\n\n<p><\/p>\n\n\n\n<h3 class=\"wp-block-heading\">\ud83c\udfa8 How to login Playamo from mobile<\/h3>\n\n\n\n<p>Das Verfahren zur Anmeldung bei Ihrem Konto auf einem mobilen Ger\u00e4t ist dasselbe wie bei der Anmeldung auf einem Desktop-Computer. Geben Sie einfach Ihren Benutzernamen und Ihr Passwort in die entsprechenden Felder ein und klicken Sie auf die Schaltfl\u00e4che \"Anmelden\".<\/p>\n\n\n\n<h2 class=\"wp-block-heading\">\ud83e\uddde\u200d\u2642\ufe0f What to do if you can&#8217;t login Playamo Casino<\/h2>\n\n\n\n<p>Wenn Sie Probleme haben, sich in Ihr Konto einzuloggen, gibt es einige M\u00f6glichkeiten, die Sie ausprobieren k\u00f6nnen:<\/p>\n\n\n\n<ul class=\"wp-block-list\">\n<li>Vergewissern Sie sich, dass Sie den richtigen Benutzernamen und das richtige Passwort verwenden. Wenn Sie Ihr Passwort vergessen haben, k\u00f6nnen Sie auf den Link \"Passwort vergessen\" klicken und den Anweisungen folgen, um es zur\u00fcckzusetzen.<\/li>\n\n\n\n<li>Vergewissern Sie sich, dass Ihre E-Mail-Adresse verifiziert wurde. Klicken Sie dazu einfach auf den Link in der Best\u00e4tigungs-E-Mail, die Sie bei der Erstellung Ihres Kontos erhalten haben.<\/li>\n\n\n\n<li>Versuchen Sie, den Cache und die Cookies Ihres Browsers zu l\u00f6schen. Dies kann manchmal Probleme bei der Anmeldung l\u00f6sen.<\/li>\n<\/ul>\n\n\n\n<p>Wenn Sie immer noch Probleme mit dem Einloggen haben, wenden Sie sich bitte an den Kundendienst, um Hilfe zu erhalten.<\/p>\n\n\n\n<h2 class=\"wp-block-heading\">\u26a1 Tips for staying safe online<\/h2>\n\n\n\n<p>Wenn Sie in einem Online-Casino spielen, ist es wichtig, sicher zu sein und Ihre pers\u00f6nlichen Daten zu sch\u00fctzen. Hier sind einige Tipps, um sicher zu bleiben, wenn Sie im Playamo Casino spielen:<\/p>\n\n\n\n<ul class=\"wp-block-list\">\n<li>Verwenden Sie ein sicheres und eindeutiges Passwort f\u00fcr Ihr Konto.<\/li>\n\n\n\n<li>Geben Sie Ihr Passwort nicht an Dritte weiter.<\/li>\n\n\n\n<li>Bewahren Sie Ihre pers\u00f6nlichen Daten sicher und gesch\u00fctzt auf.<\/li>\n\n\n\n<li>Seien Sie vorsichtig, wenn Sie Ihre pers\u00f6nlichen Daten online weitergeben.<\/li>\n\n\n\n<li>Klicken Sie nicht auf Links oder Anh\u00e4nge von Personen, die Sie nicht kennen.<\/li>\n\n\n\n<li>Wenn Sie eine E-Mail erhalten, die verd\u00e4chtig aussieht, \u00f6ffnen Sie sie nicht.<\/li>\n<\/ul>\n\n\n\n<p>Wenn Sie diese Tipps befolgen, k\u00f6nnen Sie daf\u00fcr sorgen, dass Ihr Konto beim Spielen im Playamo Casino sicher und gesch\u00fctzt ist.<\/p>\n\n\n\n<h2 class=\"wp-block-heading\">\ud83c\udf14 FAQs<\/h2>\n\n\n<style>#sp-ea-56 .spcollapsing { height: 0; overflow: hidden; transition-property: height;transition-duration: 300ms;}#sp-ea-56.sp-easy-accordion>.sp-ea-single {border: 1px solid #e2e2e2; }#sp-ea-56.sp-easy-accordion>.sp-ea-single>.ea-header a {color: #444;}#sp-ea-56.sp-easy-accordion>.sp-ea-single>.sp-collapse>.ea-body {background: #fff; color: #444;}#sp-ea-56.sp-easy-accordion>.sp-ea-single {background: #eee;}#sp-ea-56.sp-easy-accordion>.sp-ea-single>.ea-header a .ea-expand-icon.fa { float: left; color: #444;font-size: 16px;}<\/style><div id=\"sp-ea-56\" class=\"sp-ea-one sp-easy-accordion\" data-ex-icon=\"fa-minus\" data-col-icon=\"fa-plus\"  data-ea-active=\"ea-click\"  data-ea-mode=\"vertical\" data-preloader=\"\" data-scroll-active-item=\"\" data-offset-to-scroll=\"0\"><div class=\"ea-card ea-expand sp-ea-single\"><h3 class=\"ea-header\"><a class=\"collapsed\" data-sptoggle=\"spcollapse\" data-sptarget=\"#collapse560\" href=\"javascript:void(0)\"  aria-expanded=\"true\"><i class=\"ea-expand-icon fa fa-minus\"><\/i> Was muss ich tun, um mich bei Playamo Casino anzumelden?<\/a><\/h3><div class=\"sp-collapse spcollapse collapsed show\" id=\"collapse560\" ><div class=\"ea-body\"><p>Um sich einzuloggen, m\u00fcssen Sie ein Konto beim Casino haben. Wenn Sie noch kein Konto haben, k\u00f6nnen Sie eines erstellen, indem Sie die Website besuchen und auf die Schaltfl\u00e4che \"Anmelden\" klicken. Sobald Sie ein Konto erstellt haben, k\u00f6nnen Sie sich anmelden, indem Sie Ihren Benutzernamen und Ihr Passwort in die entsprechenden Felder auf der Website eingeben.<\/p>\n<\/div><\/div><\/div><div class=\"ea-card  sp-ea-single\"><h3 class=\"ea-header\"><a class=\"collapsed\" data-sptoggle=\"spcollapse\" data-sptarget=\"#collapse561\" href=\"javascript:void(0)\"  aria-expanded=\"false\"><i class=\"ea-expand-icon fa fa-plus\"><\/i> Wie verifiziere ich meine E-Mail-Adresse?<\/a><\/h3><div class=\"sp-collapse spcollapse\" id=\"collapse561\" ><div class=\"ea-body\"><p>Um Ihre E-Mail-Adresse zu verifizieren, klicken Sie einfach auf den Link in der Best\u00e4tigungs-E-Mail, die Sie bei der Erstellung Ihres Kontos erhalten haben. Sobald Ihre E-Mail-Adresse verifiziert wurde, k\u00f6nnen Sie sich anmelden und mit dem Spielen im Playamo Casino beginnen.<\/p>\n<\/div><\/div><\/div><div class=\"ea-card  sp-ea-single\"><h3 class=\"ea-header\"><a class=\"collapsed\" data-sptoggle=\"spcollapse\" data-sptarget=\"#collapse562\" href=\"javascript:void(0)\"  aria-expanded=\"false\"><i class=\"ea-expand-icon fa fa-plus\"><\/i> Ich habe mein Passwort vergessen. Was muss ich tun?<\/a><\/h3><div class=\"sp-collapse spcollapse\" id=\"collapse562\" ><div class=\"ea-body\"><p>Wenn Sie Ihr Passwort vergessen haben, k\u00f6nnen Sie auf den Link \"Passwort vergessen?\" klicken und den Anweisungen folgen, um es zur\u00fcckzusetzen. Sobald Sie Ihr Passwort zur\u00fcckgesetzt haben, k\u00f6nnen Sie sich bei Ihrem Konto anmelden und mit dem Spielen im Playamo Casino beginnen.<\/p>\n<\/div><\/div><\/div><div class=\"ea-card  sp-ea-single\"><h3 class=\"ea-header\"><a class=\"collapsed\" data-sptoggle=\"spcollapse\" data-sptarget=\"#collapse563\" href=\"javascript:void(0)\"  aria-expanded=\"false\"><i class=\"ea-expand-icon fa fa-plus\"><\/i> Ich habe Probleme mit dem Playamo-Login. Was soll ich tun?<\/a><\/h3><div class=\"sp-collapse spcollapse\" id=\"collapse563\" ><div class=\"ea-body\"><p>Wenn Sie Probleme mit dem Einloggen haben, wenden Sie sich bitte an den Kundendienst, um Hilfe zu erhalten.<\/p>\n<\/div><\/div><\/div><div class=\"ea-card  sp-ea-single\"><h3 class=\"ea-header\"><a class=\"collapsed\" data-sptoggle=\"spcollapse\" data-sptarget=\"#collapse564\" href=\"javascript:void(0)\"  aria-expanded=\"false\"><i class=\"ea-expand-icon fa fa-plus\"><\/i> Welche Boni kann ich nach der Registrierung bei Playmao erhalten?<\/a><\/h3><div class=\"sp-collapse spcollapse\" id=\"collapse564\" ><div class=\"ea-body\"><p>Die wichtigsten <a href=\"https:\/\/playamo.info\/de\/bonuses\/\">Playamo-Bonus<\/a> f\u00fcr neue Spieler ist der Willkommensbonus $1500 + 150 Free Spins.<\/p>\n<\/div><\/div><\/div><\/div>","protected":false},"excerpt":{"rendered":"<p>To login to Playamo Casino, you will need to have an account with the casino. If you do not have an account, you can create one by visiting the website and clicking on the &#8220;Sign Up&#8221; button. Once you have created an account, you can login by entering your username and password in the appropriate &hellip;<\/p>\n<p class=\"read-more\"> <a class=\"\" href=\"https:\/\/playamo.info\/de\/anmeldung\/\"> <span class=\"screen-reader-text\">Playamo Login<\/span> Read More &raquo;<\/a><\/p>","protected":false},"author":1,"featured_media":0,"parent":0,"menu_order":0,"comment_status":"closed","ping_status":"closed","template":"","meta":{"site-sidebar-layout":"default","site-content-layout":"default","ast-global-header-display":"","ast-main-header-display":"","ast-hfb-above-header-display":"","ast-hfb-below-header-display":"","ast-hfb-mobile-header-display":"","site-post-title":"","ast-breadcrumbs-content":"","ast-featured-img":"","footer-sml-layout":"","theme-transparent-header-meta":"","adv-header-id-meta":"","stick-header-meta":"","header-above-stick-meta":"","header-main-stick-meta":"","header-below-stick-meta":"","footnotes":""},"class_list":["post-52","page","type-page","status-publish","hentry"],"yoast_head":"<!-- This site is optimized with the Yoast SEO plugin v19.13 - https:\/\/yoast.com\/wordpress\/plugins\/seo\/ -->\n<title>Playamo Login: \ud83e\udd21 How To Log In To Playamo Casino at Australia<\/title>\n<meta name=\"description\" content=\"How To Log In To Playamo Casino. How to register and verify with the casino. How to solve login problems\" \/>\n<meta name=\"robots\" content=\"index, follow, max-snippet:-1, max-image-preview:large, max-video-preview:-1\" \/>\n<link rel=\"canonical\" href=\"https:\/\/playamo.info\/de\/anmeldung\/\" \/>\n<meta property=\"og:locale\" content=\"de_DE\" \/>\n<meta property=\"og:type\" content=\"article\" \/>\n<meta property=\"og:title\" content=\"Playamo Login: \ud83e\udd21 How To Log In To Playamo Casino at Australia\" \/>\n<meta property=\"og:description\" content=\"How To Log In To Playamo Casino. How to register and verify with the casino. How to solve login problems\" \/>\n<meta property=\"og:url\" content=\"https:\/\/playamo.info\/de\/anmeldung\/\" \/>\n<meta property=\"og:site_name\" content=\"Playamo\" \/>\n<meta property=\"article:modified_time\" content=\"2023-06-28T13:58:40+00:00\" \/>\n<meta property=\"og:image\" content=\"https:\/\/playamo.info\/wp-content\/uploads\/2022\/06\/playamo-casino-online-1024x512.jpeg\" \/>\n<meta name=\"twitter:card\" content=\"summary_large_image\" \/>\n<script type=\"application\/ld+json\" class=\"yoast-schema-graph\">{\"@context\":\"https:\/\/schema.org\",\"@graph\":[{\"@type\":\"WebPage\",\"@id\":\"https:\/\/playamo.info\/login\/\",\"url\":\"https:\/\/playamo.info\/login\/\",\"name\":\"Playamo Login: \ud83e\udd21 How To Log In To Playamo Casino at Australia\",\"isPartOf\":{\"@id\":\"https:\/\/playamo.info\/#website\"},\"datePublished\":\"2022-06-05T14:18:36+00:00\",\"dateModified\":\"2023-06-28T13:58:40+00:00\",\"description\":\"How To Log In To Playamo Casino. How to register and verify with the casino. How to solve login problems\",\"breadcrumb\":{\"@id\":\"https:\/\/playamo.info\/login\/#breadcrumb\"},\"inLanguage\":\"de-AT\",\"potentialAction\":[{\"@type\":\"ReadAction\",\"target\":[\"https:\/\/playamo.info\/login\/\"]}]},{\"@type\":\"BreadcrumbList\",\"@id\":\"https:\/\/playamo.info\/login\/#breadcrumb\",\"itemListElement\":[{\"@type\":\"ListItem\",\"position\":1,\"name\":\"Home\",\"item\":\"https:\/\/playamo.info\/\"},{\"@type\":\"ListItem\",\"position\":2,\"name\":\"Playamo Login\"}]},{\"@type\":\"WebSite\",\"@id\":\"https:\/\/playamo.info\/#website\",\"url\":\"https:\/\/playamo.info\/\",\"name\":\"Playamo\",\"description\":\"playamo.info\",\"publisher\":{\"@id\":\"https:\/\/playamo.info\/#organization\"},\"potentialAction\":[{\"@type\":\"SearchAction\",\"target\":{\"@type\":\"EntryPoint\",\"urlTemplate\":\"https:\/\/playamo.info\/?s={search_term_string}\"},\"query-input\":\"required name=search_term_string\"}],\"inLanguage\":\"de-AT\"},{\"@type\":\"Organization\",\"@id\":\"https:\/\/playamo.info\/#organization\",\"name\":\"Playamo\",\"url\":\"https:\/\/playamo.info\/\",\"logo\":{\"@type\":\"ImageObject\",\"inLanguage\":\"de-AT\",\"@id\":\"https:\/\/playamo.info\/#\/schema\/logo\/image\/\",\"url\":\"https:\/\/playamo.info\/wp-content\/uploads\/2022\/06\/logo.png\",\"contentUrl\":\"https:\/\/playamo.info\/wp-content\/uploads\/2022\/06\/logo.png\",\"width\":200,\"height\":101,\"caption\":\"Playamo\"},\"image\":{\"@id\":\"https:\/\/playamo.info\/#\/schema\/logo\/image\/\"}}]}<\/script>\n<!-- \/ Yoast SEO plugin. -->","yoast_head_json":{"title":"Playamo Login: \ud83e\udd21 How To Log In To Playamo Casino at Australia","description":"How To Log In To Playamo Casino. How to register and verify with the casino. How to solve login problems","robots":{"index":"index","follow":"follow","max-snippet":"max-snippet:-1","max-image-preview":"max-image-preview:large","max-video-preview":"max-video-preview:-1"},"canonical":"https:\/\/playamo.info\/de\/anmeldung\/","og_locale":"de_DE","og_type":"article","og_title":"Playamo Login: \ud83e\udd21 How To Log In To Playamo Casino at Australia","og_description":"How To Log In To Playamo Casino. How to register and verify with the casino. How to solve login problems","og_url":"https:\/\/playamo.info\/de\/anmeldung\/","og_site_name":"Playamo","article_modified_time":"2023-06-28T13:58:40+00:00","og_image":[{"url":"https:\/\/playamo.info\/wp-content\/uploads\/2022\/06\/playamo-casino-online-1024x512.jpeg"}],"twitter_card":"summary_large_image","schema":{"@context":"https:\/\/schema.org","@graph":[{"@type":"WebPage","@id":"https:\/\/playamo.info\/login\/","url":"https:\/\/playamo.info\/login\/","name":"Playamo Login: \ud83e\udd21 How To Log In To Playamo Casino at Australia","isPartOf":{"@id":"https:\/\/playamo.info\/#website"},"datePublished":"2022-06-05T14:18:36+00:00","dateModified":"2023-06-28T13:58:40+00:00","description":"How To Log In To Playamo Casino. How to register and verify with the casino. How to solve login problems","breadcrumb":{"@id":"https:\/\/playamo.info\/login\/#breadcrumb"},"inLanguage":"de-AT","potentialAction":[{"@type":"ReadAction","target":["https:\/\/playamo.info\/login\/"]}]},{"@type":"BreadcrumbList","@id":"https:\/\/playamo.info\/login\/#breadcrumb","itemListElement":[{"@type":"ListItem","position":1,"name":"Home","item":"https:\/\/playamo.info\/"},{"@type":"ListItem","position":2,"name":"Playamo Login"}]},{"@type":"WebSite","@id":"https:\/\/playamo.info\/#website","url":"https:\/\/playamo.info\/","name":"Playamo","description":"playamo.info","publisher":{"@id":"https:\/\/playamo.info\/#organization"},"potentialAction":[{"@type":"SearchAction","target":{"@type":"EntryPoint","urlTemplate":"https:\/\/playamo.info\/?s={search_term_string}"},"query-input":"required name=search_term_string"}],"inLanguage":"de-AT"},{"@type":"Organization","@id":"https:\/\/playamo.info\/#organization","name":"Playamo","url":"https:\/\/playamo.info\/","logo":{"@type":"ImageObject","inLanguage":"de-AT","@id":"https:\/\/playamo.info\/#\/schema\/logo\/image\/","url":"https:\/\/playamo.info\/wp-content\/uploads\/2022\/06\/logo.png","contentUrl":"https:\/\/playamo.info\/wp-content\/uploads\/2022\/06\/logo.png","width":200,"height":101,"caption":"Playamo"},"image":{"@id":"https:\/\/playamo.info\/#\/schema\/logo\/image\/"}}]}},"_links":{"self":[{"href":"https:\/\/playamo.info\/de\/wp-json\/wp\/v2\/pages\/52","targetHints":{"allow":["GET"]}}],"collection":[{"href":"https:\/\/playamo.info\/de\/wp-json\/wp\/v2\/pages"}],"about":[{"href":"https:\/\/playamo.info\/de\/wp-json\/wp\/v2\/types\/page"}],"author":[{"embeddable":true,"href":"https:\/\/playamo.info\/de\/wp-json\/wp\/v2\/users\/1"}],"replies":[{"embeddable":true,"href":"https:\/\/playamo.info\/de\/wp-json\/wp\/v2\/comments?post=52"}],"version-history":[{"count":5,"href":"https:\/\/playamo.info\/de\/wp-json\/wp\/v2\/pages\/52\/revisions"}],"predecessor-version":[{"id":186,"href":"https:\/\/playamo.info\/de\/wp-json\/wp\/v2\/pages\/52\/revisions\/186"}],"wp:attachment":[{"href":"https:\/\/playamo.info\/de\/wp-json\/wp\/v2\/media?parent=52"}],"curies":[{"name":"wp","href":"https:\/\/api.w.org\/{rel}","templated":true}]}}