{"id":63,"date":"2022-06-05T19:11:05","date_gmt":"2022-06-05T19:11:05","guid":{"rendered":"https:\/\/playamo.info\/?page_id=63"},"modified":"2023-06-28T13:56:53","modified_gmt":"2023-06-28T13:56:53","slug":"bonuses","status":"publish","type":"page","link":"https:\/\/playamo.info\/cs\/bonuses\/","title":{"rendered":"Bonusy a propaga\u010dn\u00ed akce Playamo"},"content":{"rendered":"<figure class=\"wp-block-image alignwide size-large\"><img loading=\"lazy\" decoding=\"async\" width=\"1024\" height=\"304\" src=\"https:\/\/playamo.info\/wp-content\/uploads\/2022\/06\/playamo-bonus-1-1024x304.png\" alt=\"playamo bonus\" class=\"wp-image-64\" srcset=\"https:\/\/playamo.info\/wp-content\/uploads\/2022\/06\/playamo-bonus-1-1024x304.png 1024w, https:\/\/playamo.info\/wp-content\/uploads\/2022\/06\/playamo-bonus-1-300x89.png 300w, https:\/\/playamo.info\/wp-content\/uploads\/2022\/06\/playamo-bonus-1-768x228.png 768w, https:\/\/playamo.info\/wp-content\/uploads\/2022\/06\/playamo-bonus-1.png 1280w\" sizes=\"auto, (max-width: 1024px) 100vw, 1024px\" \/><\/figure>\n\n\n\n<p><a href=\"\/cs\/\">Playamo Casino<\/a> offers a variety of bonuses to its players. The most popular is the Welcome package, which gives new players a 100% match on their first deposit up to $500. There are also reload bonuses available for existing players and a VIP program with exclusive perks and benefits.<\/p>\n\n\n\n<h2 class=\"wp-block-heading\">\ud83c\udf0e Welcome package<\/h2>\n\n\n\n<p>The Welcome package is a 100% match on your first deposit up to $1500 and 150 free spins at Playamo. <\/p>\n\n\n\n<h3 class=\"wp-block-heading\">\ud83d\udd25 How do I claim the Welcome Bonus at Playamo Casino?<\/h3>\n\n\n\n<p>To claim the Welcome package, <a href=\"https:\/\/playamo.info\/cs\/prihlaseni\/\">Playamo login<\/a>, make your first deposit and the gift will be automatically credited to your account.<\/p>\n\n\n\n<h3 class=\"wp-block-heading\">\ud83d\udca6 What are the terms and conditions?<\/h3>\n\n\n\n<p>The Welcome package has a wagering requirement of 50x the bonus amount. You will need to wager $25,000 to clear the bonus fully. The promo is also subject to a maximum bet limit of $5 per spin.<\/p>\n\n\n\n<div class=\"wp-block-buttons alignwide is-content-justification-center is-layout-flex wp-container-core-buttons-is-layout-a89b3969 wp-block-buttons-is-layout-flex\">\n<div class=\"wp-block-button has-custom-width wp-block-button__width-100 has-custom-font-size has-medium-font-size\"><a class=\"wp-block-button__link has-white-color has-luminous-vivid-amber-background-color has-text-color has-background wp-element-button\" href=\"https:\/\/media.playamopartners.com\/redirect.aspx?pid=163920&amp;bid=1929&amp;lpid=28\" style=\"border-radius:2px\"><strong>Z\u00edskejte $1500 + 150 oto\u010den\u00ed zdarma<\/strong><\/a><\/div>\n<\/div>\n\n\n\n<p><\/p>\n\n\n\n<h2 class=\"wp-block-heading\">\ud83d\ude4f Playamo no deposit bonus<\/h2>\n\n\n\n<p>Bonus Playamo bez vkladu je skv\u011bl\u00fd zp\u016fsob, jak za\u010d\u00edt svou cestu do kasina. Tento d\u00e1rek v\u00e1m d\u00e1v\u00e1 \u0161anci vyhr\u00e1t a\u017e $500, ani\u017e byste museli prov\u00e9st vklad. Mus\u00edte si zalo\u017eit \u00fa\u010det a pou\u017e\u00edt bonusov\u00fd k\u00f3d \"PLAYAMO\".<\/p>\n\n\n\n<p>With this promo, you will be able to try out the casino and see if it\u2019s the right fit for you. If you like what you see, you can always make a deposit and take advantage of the Welcome Package.<\/p>\n\n\n\n<h2 class=\"wp-block-heading\">\ud83d\udca5 VIP program<\/h2>\n\n\n\n<p>VIP program v kasinu Playamo je pouze na pozv\u00e1n\u00ed. To znamen\u00e1, \u017ee mus\u00edte b\u00fdt v\u011brn\u00fdm a aktivn\u00edm hr\u00e1\u010dem, abyste byli pozv\u00e1ni. Jako VIP budete m\u00edt exkluzivn\u00ed v\u00fdhody a benefity, jako je VIP podpora, vy\u0161\u0161\u00ed limity pro v\u00fdb\u011bry a speci\u00e1ln\u00ed promo akce.<\/p>\n\n\n\n<h2 class=\"wp-block-heading\">\ud83c\udf83 Reload Bonus<\/h2>\n\n\n\n<p>Toto promo je skv\u011bl\u00fd zp\u016fsob, jak zv\u00fd\u0161it sv\u016fj bankroll. D\u00edky n\u011bmu z\u00edsk\u00e1te 50% na v\u00e1\u0161 druh\u00fd vklad a\u017e do v\u00fd\u0161e $500. K dispozici jsou tak\u00e9 bonusy za dobit\u00ed pro st\u00e1vaj\u00edc\u00ed hr\u00e1\u010de a VIP program s exkluzivn\u00edmi v\u00fdhodami a benefity.<\/p>\n\n\n\n<p>Chcete-li z\u00edskat tento d\u00e1rek, prove\u010fte druh\u00fd vklad a pou\u017eijte bonusov\u00fd k\u00f3d \"RELOAD\". Odm\u011bna v\u00e1m pak bude automaticky p\u0159ips\u00e1na na \u00fa\u010det.<\/p>\n\n\n\n<h2 class=\"wp-block-heading\">\u2764 Playamo bonus codes<\/h2>\n\n\n\n<p>The Playamo bonus codes are a great way to take advantage of the different promotions offered by the casino. By using a code, you can get bigger and better gifts than if you were to sign up for an account.<\/p>\n\n\n\n<p>For example, the Welcome package at Playamo Casino is a 100% match on your first deposit up to $500. However, if you use the bonus code \u201cPLAYAMO,\u201d you will be able to get a 150% match on your first deposit up to $750.<\/p>\n\n\n\n<p>Stejn\u011b tak bonus za dobit\u00ed je 50% na v\u00e1\u0161 druh\u00fd vklad a\u017e do v\u00fd\u0161e $500. Pokud v\u0161ak pou\u017eijete k\u00f3d \"RELOAD\", budete moci z\u00edskat bonus 75% na sv\u016fj druh\u00fd vklad a\u017e do v\u00fd\u0161e $750.<\/p>\n\n\n\n<p>Pokud tedy chcete z kasina Playamo vyt\u011b\u017eit maximum, nezapome\u0148te pou\u017e\u00edt bonusov\u00e9 k\u00f3dy.<\/p>\n\n\n\n<div class=\"wp-block-buttons alignwide is-content-justification-center is-layout-flex wp-container-core-buttons-is-layout-a89b3969 wp-block-buttons-is-layout-flex\">\n<div class=\"wp-block-button has-custom-width wp-block-button__width-100 has-custom-font-size has-medium-font-size\"><a class=\"wp-block-button__link has-white-color has-luminous-vivid-amber-background-color has-text-color has-background wp-element-button\" href=\"https:\/\/media.playamopartners.com\/redirect.aspx?pid=229238&amp;bid=1988&amp;lpid=6\" style=\"border-radius:2px\"><strong>Playamo Bonus Codes pro Playamo<\/strong><\/a><\/div>\n<\/div>\n\n\n\n<p><\/p>\n\n\n\n<h2 class=\"wp-block-heading\">\ud83e\udef6 How do I withdraw my winnings at Playamo Casino?<\/h2>\n\n\n\n<p>Sv\u00e9 v\u00fdhry si v kasinu Playamo m\u016f\u017eete vybrat r\u016fzn\u00fdmi zp\u016fsoby, nap\u0159\u00edklad pomoc\u00ed karet Visa, Mastercard, Skrill, Neteller, Bitcoin a bankovn\u00edm p\u0159evodem. Minim\u00e1ln\u00ed \u010d\u00e1stka v\u00fdb\u011bru je $20 a maxim\u00e1ln\u00ed limit v\u00fdb\u011bru nen\u00ed stanoven.<\/p>\n\n\n\n<h2 class=\"wp-block-heading\">\ud83d\ude3b Conclusion<\/h2>\n\n\n\n<p>Playamo Casino is an excellent choice for both new and experienced players. The Welcome Package is a great way to boost your bankroll, and the Reload Bonuses are a great way to keep it going. The VIP program is by invitation only, but it\u2019s worth it if you can get in.<\/p>\n\n\n\n<p>A Playamo bonus codes jsou skv\u011bl\u00fdm zp\u016fsobem, jak vyu\u017e\u00edt r\u016fzn\u00fdch akc\u00ed, kter\u00e9 kasino nab\u00edz\u00ed. Pokud tedy hled\u00e1te nov\u00e9 online kasino, kter\u00e9 byste mohli vyzkou\u0161et, ur\u010dit\u011b se pod\u00edvejte na Playamo Casino.<\/p>\n\n\n\n<h2 class=\"wp-block-heading\">\ud83e\ude90 FAQs<\/h2>\n\n\n<style>#sp-ea-66 .spcollapsing { height: 0; overflow: hidden; transition-property: height;transition-duration: 300ms;}#sp-ea-66.sp-easy-accordion>.sp-ea-single {border: 1px solid #e2e2e2; }#sp-ea-66.sp-easy-accordion>.sp-ea-single>.ea-header a {color: #444;}#sp-ea-66.sp-easy-accordion>.sp-ea-single>.sp-collapse>.ea-body {background: #fff; color: #444;}#sp-ea-66.sp-easy-accordion>.sp-ea-single {background: #eee;}#sp-ea-66.sp-easy-accordion>.sp-ea-single>.ea-header a .ea-expand-icon.fa { float: left; color: #444;font-size: 16px;}<\/style><div id=\"sp-ea-66\" class=\"sp-ea-one sp-easy-accordion\" data-ex-icon=\"fa-minus\" data-col-icon=\"fa-plus\"  data-ea-active=\"ea-click\"  data-ea-mode=\"vertical\" data-preloader=\"\" data-scroll-active-item=\"\" data-offset-to-scroll=\"0\"><div class=\"ea-card ea-expand sp-ea-single\"><h3 class=\"ea-header\"><a class=\"collapsed\" data-sptoggle=\"spcollapse\" data-sptarget=\"#collapse660\" href=\"javascript:void(0)\"  aria-expanded=\"true\"><i class=\"ea-expand-icon fa fa-minus\"><\/i> Jak\u00fd je uv\u00edtac\u00ed bonus v kasinu Playamo?<\/a><\/h3><div class=\"sp-collapse spcollapse collapsed show\" id=\"collapse660\" ><div class=\"ea-body\"><p>Uv\u00edtac\u00ed bal\u00ed\u010dek je 100% na v\u00e1\u0161 prvn\u00ed vklad a\u017e do v\u00fd\u0161e $500 + 150 rozto\u010den\u00ed zdarma na Playamo.<\/p>\n<\/div><\/div><\/div><div class=\"ea-card  sp-ea-single\"><h3 class=\"ea-header\"><a class=\"collapsed\" data-sptoggle=\"spcollapse\" data-sptarget=\"#collapse661\" href=\"javascript:void(0)\"  aria-expanded=\"false\"><i class=\"ea-expand-icon fa fa-plus\"><\/i> Jak si mohu u spole\u010dnosti Playamo vyzvednout d\u00e1rek na uv\u00edtanou?<\/a><\/h3><div class=\"sp-collapse spcollapse\" id=\"collapse661\" ><div class=\"ea-body\"><p>Chcete-li z\u00edskat uv\u00edtac\u00ed bal\u00ed\u010dek, prove\u010fte sv\u016fj prvn\u00ed vklad a v\u00fdhra v\u00e1m bude automaticky p\u0159ips\u00e1na na \u00fa\u010det.<\/p>\n<\/div><\/div><\/div><div class=\"ea-card  sp-ea-single\"><h3 class=\"ea-header\"><a class=\"collapsed\" data-sptoggle=\"spcollapse\" data-sptarget=\"#collapse662\" href=\"javascript:void(0)\"  aria-expanded=\"false\"><i class=\"ea-expand-icon fa fa-plus\"><\/i> Jak\u00e9 jsou podm\u00ednky uv\u00edtac\u00edho bonusu?<\/a><\/h3><div class=\"sp-collapse spcollapse\" id=\"collapse662\" ><div class=\"ea-body\"><p>Uv\u00edtac\u00ed bal\u00ed\u010dek m\u00e1 po\u017eadavek na s\u00e1zen\u00ed ve v\u00fd\u0161i 50n\u00e1sobku bonusov\u00e9 \u010d\u00e1stky. To znamen\u00e1, \u017ee budete muset vsadit $25 000, abyste d\u00e1rek zcela vy\u010derpali.<\/p>\n<\/div><\/div><\/div><div class=\"ea-card  sp-ea-single\"><h3 class=\"ea-header\"><a class=\"collapsed\" data-sptoggle=\"spcollapse\" data-sptarget=\"#collapse663\" href=\"javascript:void(0)\"  aria-expanded=\"false\"><i class=\"ea-expand-icon fa fa-plus\"><\/i> Mohu si vybrat v\u00fdhru z uv\u00edtac\u00edho bonusu u Playamo?<\/a><\/h3><div class=\"sp-collapse spcollapse\" id=\"collapse663\" ><div class=\"ea-body\"><p>Ano, sv\u00e9 v\u00fdhry z uv\u00edtac\u00edho bal\u00ed\u010dku si m\u016f\u017eete vybrat na Playamo. Nejprve v\u0161ak mus\u00edte splnit po\u017eadavky na s\u00e1zen\u00ed.<\/p>\n<\/div><\/div><\/div><div class=\"ea-card  sp-ea-single\"><h3 class=\"ea-header\"><a class=\"collapsed\" data-sptoggle=\"spcollapse\" data-sptarget=\"#collapse664\" href=\"javascript:void(0)\"  aria-expanded=\"false\"><i class=\"ea-expand-icon fa fa-plus\"><\/i> Co je bonus za dobit\u00ed?<\/a><\/h3><div class=\"sp-collapse spcollapse\" id=\"collapse664\" ><div class=\"ea-body\"><p>D\u00e1rek k dobit\u00ed v kasinu Playamo je 50% na v\u00e1\u0161 druh\u00fd vklad a\u017e do v\u00fd\u0161e $500.<\/p>\n<\/div><\/div><\/div><\/div>","protected":false},"excerpt":{"rendered":"<p>Playamo Casino offers a variety of bonuses to its players. The most popular is the Welcome package, which gives new players a 100% match on their first deposit up to $500. There are also reload bonuses available for existing players and a VIP program with exclusive perks and benefits. \ud83c\udf0e Welcome package The Welcome package &hellip;<\/p>\n<p class=\"read-more\"> <a class=\"\" href=\"https:\/\/playamo.info\/cs\/bonuses\/\"> <span class=\"screen-reader-text\">Bonusy a propaga\u010dn\u00ed akce Playamo<\/span> Pokra\u010dovat ve \u010dten\u00ed &raquo;<\/a><\/p>","protected":false},"author":1,"featured_media":0,"parent":0,"menu_order":0,"comment_status":"closed","ping_status":"closed","template":"","meta":{"site-sidebar-layout":"default","site-content-layout":"default","ast-global-header-display":"","ast-main-header-display":"","ast-hfb-above-header-display":"","ast-hfb-below-header-display":"","ast-hfb-mobile-header-display":"","site-post-title":"","ast-breadcrumbs-content":"","ast-featured-img":"","footer-sml-layout":"","theme-transparent-header-meta":"","adv-header-id-meta":"","stick-header-meta":"","header-above-stick-meta":"","header-main-stick-meta":"","header-below-stick-meta":"","footnotes":""},"class_list":["post-63","page","type-page","status-publish","hentry"],"yoast_head":"<!-- This site is optimized with the Yoast SEO plugin v19.13 - https:\/\/yoast.com\/wordpress\/plugins\/seo\/ -->\n<title>Playamo Bonuses: \ud83d\ude08 No Deposit, Bonus Codes at Playamo and Free Spins<\/title>\n<meta name=\"description\" content=\"Bonuses at Playamo Casino - how to get and how to win back the bonus money. What are the benefits of the VIP program\" \/>\n<meta name=\"robots\" content=\"index, follow, max-snippet:-1, max-image-preview:large, max-video-preview:-1\" \/>\n<link rel=\"canonical\" href=\"https:\/\/playamo.info\/cs\/bonuses\/\" \/>\n<meta property=\"og:locale\" content=\"cs_CZ\" \/>\n<meta property=\"og:type\" content=\"article\" \/>\n<meta property=\"og:title\" content=\"Playamo Bonuses: \ud83d\ude08 No Deposit, Bonus Codes at Playamo and Free Spins\" \/>\n<meta property=\"og:description\" content=\"Bonuses at Playamo Casino - how to get and how to win back the bonus money. What are the benefits of the VIP program\" \/>\n<meta property=\"og:url\" content=\"https:\/\/playamo.info\/cs\/bonuses\/\" \/>\n<meta property=\"og:site_name\" content=\"Playamo\" \/>\n<meta property=\"article:modified_time\" content=\"2023-06-28T13:56:53+00:00\" \/>\n<meta property=\"og:image\" content=\"https:\/\/playamo.info\/wp-content\/uploads\/2022\/06\/playamo-bonus-1-1024x304.png\" \/>\n<meta name=\"twitter:card\" content=\"summary_large_image\" \/>\n<meta name=\"twitter:label1\" content=\"Odhadovan\u00e1 doba \u010dten\u00ed\" \/>\n\t<meta name=\"twitter:data1\" content=\"4 minuty\" \/>\n<script type=\"application\/ld+json\" class=\"yoast-schema-graph\">{\"@context\":\"https:\/\/schema.org\",\"@graph\":[{\"@type\":\"WebPage\",\"@id\":\"https:\/\/playamo.info\/bonuses\/\",\"url\":\"https:\/\/playamo.info\/bonuses\/\",\"name\":\"Playamo Bonuses: \ud83d\ude08 No Deposit, Bonus Codes at Playamo and Free Spins\",\"isPartOf\":{\"@id\":\"https:\/\/playamo.info\/#website\"},\"datePublished\":\"2022-06-05T19:11:05+00:00\",\"dateModified\":\"2023-06-28T13:56:53+00:00\",\"description\":\"Bonuses at Playamo Casino - how to get and how to win back the bonus money. What are the benefits of the VIP program\",\"breadcrumb\":{\"@id\":\"https:\/\/playamo.info\/bonuses\/#breadcrumb\"},\"inLanguage\":\"cs\",\"potentialAction\":[{\"@type\":\"ReadAction\",\"target\":[\"https:\/\/playamo.info\/bonuses\/\"]}]},{\"@type\":\"BreadcrumbList\",\"@id\":\"https:\/\/playamo.info\/bonuses\/#breadcrumb\",\"itemListElement\":[{\"@type\":\"ListItem\",\"position\":1,\"name\":\"Home\",\"item\":\"https:\/\/playamo.info\/\"},{\"@type\":\"ListItem\",\"position\":2,\"name\":\"Playamo Bonuses and Promotions\"}]},{\"@type\":\"WebSite\",\"@id\":\"https:\/\/playamo.info\/#website\",\"url\":\"https:\/\/playamo.info\/\",\"name\":\"Playamo\",\"description\":\"playamo.info\",\"publisher\":{\"@id\":\"https:\/\/playamo.info\/#organization\"},\"potentialAction\":[{\"@type\":\"SearchAction\",\"target\":{\"@type\":\"EntryPoint\",\"urlTemplate\":\"https:\/\/playamo.info\/?s={search_term_string}\"},\"query-input\":\"required name=search_term_string\"}],\"inLanguage\":\"cs\"},{\"@type\":\"Organization\",\"@id\":\"https:\/\/playamo.info\/#organization\",\"name\":\"Playamo\",\"url\":\"https:\/\/playamo.info\/\",\"logo\":{\"@type\":\"ImageObject\",\"inLanguage\":\"cs\",\"@id\":\"https:\/\/playamo.info\/#\/schema\/logo\/image\/\",\"url\":\"https:\/\/playamo.info\/wp-content\/uploads\/2022\/06\/logo.png\",\"contentUrl\":\"https:\/\/playamo.info\/wp-content\/uploads\/2022\/06\/logo.png\",\"width\":200,\"height\":101,\"caption\":\"Playamo\"},\"image\":{\"@id\":\"https:\/\/playamo.info\/#\/schema\/logo\/image\/\"}}]}<\/script>\n<!-- \/ Yoast SEO plugin. -->","yoast_head_json":{"title":"Playamo Bonuses: \ud83d\ude08 No Deposit, Bonus Codes at Playamo and Free Spins","description":"Bonuses at Playamo Casino - how to get and how to win back the bonus money. What are the benefits of the VIP program","robots":{"index":"index","follow":"follow","max-snippet":"max-snippet:-1","max-image-preview":"max-image-preview:large","max-video-preview":"max-video-preview:-1"},"canonical":"https:\/\/playamo.info\/cs\/bonuses\/","og_locale":"cs_CZ","og_type":"article","og_title":"Playamo Bonuses: \ud83d\ude08 No Deposit, Bonus Codes at Playamo and Free Spins","og_description":"Bonuses at Playamo Casino - how to get and how to win back the bonus money. What are the benefits of the VIP program","og_url":"https:\/\/playamo.info\/cs\/bonuses\/","og_site_name":"Playamo","article_modified_time":"2023-06-28T13:56:53+00:00","og_image":[{"url":"https:\/\/playamo.info\/wp-content\/uploads\/2022\/06\/playamo-bonus-1-1024x304.png"}],"twitter_card":"summary_large_image","twitter_misc":{"Odhadovan\u00e1 doba \u010dten\u00ed":"4 minuty"},"schema":{"@context":"https:\/\/schema.org","@graph":[{"@type":"WebPage","@id":"https:\/\/playamo.info\/bonuses\/","url":"https:\/\/playamo.info\/bonuses\/","name":"Playamo Bonuses: \ud83d\ude08 No Deposit, Bonus Codes at Playamo and Free Spins","isPartOf":{"@id":"https:\/\/playamo.info\/#website"},"datePublished":"2022-06-05T19:11:05+00:00","dateModified":"2023-06-28T13:56:53+00:00","description":"Bonuses at Playamo Casino - how to get and how to win back the bonus money. What are the benefits of the VIP program","breadcrumb":{"@id":"https:\/\/playamo.info\/bonuses\/#breadcrumb"},"inLanguage":"cs","potentialAction":[{"@type":"ReadAction","target":["https:\/\/playamo.info\/bonuses\/"]}]},{"@type":"BreadcrumbList","@id":"https:\/\/playamo.info\/bonuses\/#breadcrumb","itemListElement":[{"@type":"ListItem","position":1,"name":"Home","item":"https:\/\/playamo.info\/"},{"@type":"ListItem","position":2,"name":"Playamo Bonuses and Promotions"}]},{"@type":"WebSite","@id":"https:\/\/playamo.info\/#website","url":"https:\/\/playamo.info\/","name":"Playamo","description":"playamo.info","publisher":{"@id":"https:\/\/playamo.info\/#organization"},"potentialAction":[{"@type":"SearchAction","target":{"@type":"EntryPoint","urlTemplate":"https:\/\/playamo.info\/?s={search_term_string}"},"query-input":"required name=search_term_string"}],"inLanguage":"cs"},{"@type":"Organization","@id":"https:\/\/playamo.info\/#organization","name":"Playamo","url":"https:\/\/playamo.info\/","logo":{"@type":"ImageObject","inLanguage":"cs","@id":"https:\/\/playamo.info\/#\/schema\/logo\/image\/","url":"https:\/\/playamo.info\/wp-content\/uploads\/2022\/06\/logo.png","contentUrl":"https:\/\/playamo.info\/wp-content\/uploads\/2022\/06\/logo.png","width":200,"height":101,"caption":"Playamo"},"image":{"@id":"https:\/\/playamo.info\/#\/schema\/logo\/image\/"}}]}},"_links":{"self":[{"href":"https:\/\/playamo.info\/cs\/wp-json\/wp\/v2\/pages\/63","targetHints":{"allow":["GET"]}}],"collection":[{"href":"https:\/\/playamo.info\/cs\/wp-json\/wp\/v2\/pages"}],"about":[{"href":"https:\/\/playamo.info\/cs\/wp-json\/wp\/v2\/types\/page"}],"author":[{"embeddable":true,"href":"https:\/\/playamo.info\/cs\/wp-json\/wp\/v2\/users\/1"}],"replies":[{"embeddable":true,"href":"https:\/\/playamo.info\/cs\/wp-json\/wp\/v2\/comments?post=63"}],"version-history":[{"count":5,"href":"https:\/\/playamo.info\/cs\/wp-json\/wp\/v2\/pages\/63\/revisions"}],"predecessor-version":[{"id":184,"href":"https:\/\/playamo.info\/cs\/wp-json\/wp\/v2\/pages\/63\/revisions\/184"}],"wp:attachment":[{"href":"https:\/\/playamo.info\/cs\/wp-json\/wp\/v2\/media?parent=63"}],"curies":[{"name":"wp","href":"https:\/\/api.w.org\/{rel}","templated":true}]}}