{"id":52,"date":"2022-06-05T14:18:36","date_gmt":"2022-06-05T14:18:36","guid":{"rendered":"https:\/\/playamo.info\/?page_id=52"},"modified":"2023-06-28T13:58:40","modified_gmt":"2023-06-28T13:58:40","slug":"login","status":"publish","type":"page","link":"https:\/\/playamo.info\/cs\/prihlaseni\/","title":{"rendered":"Playamo Login"},"content":{"rendered":"<figure class=\"wp-block-image alignwide size-large\"><img loading=\"lazy\" decoding=\"async\" width=\"1024\" height=\"512\" src=\"https:\/\/playamo.info\/wp-content\/uploads\/2022\/06\/playamo-casino-online-1024x512.jpeg\" alt=\"playamo kogin\" class=\"wp-image-53\" srcset=\"https:\/\/playamo.info\/wp-content\/uploads\/2022\/06\/playamo-casino-online-1024x512.jpeg 1024w, https:\/\/playamo.info\/wp-content\/uploads\/2022\/06\/playamo-casino-online-300x150.jpeg 300w, https:\/\/playamo.info\/wp-content\/uploads\/2022\/06\/playamo-casino-online-768x384.jpeg 768w, https:\/\/playamo.info\/wp-content\/uploads\/2022\/06\/playamo-casino-online.jpeg 1400w\" sizes=\"auto, (max-width: 1024px) 100vw, 1024px\" \/><\/figure>\n\n\n\n<p>Chcete-li se p\u0159ihl\u00e1sit do kasina Playamo, mus\u00edte m\u00edt v kasinu \u00fa\u010det. Pokud \u00fa\u010det nem\u00e1te, m\u016f\u017eete si ho vytvo\u0159it tak, \u017ee nav\u0161t\u00edv\u00edte webov\u00e9 str\u00e1nky a kliknete na tla\u010d\u00edtko \"Zaregistrovat se\". Po vytvo\u0159en\u00ed \u00fa\u010dtu se m\u016f\u017eete p\u0159ihl\u00e1sit zad\u00e1n\u00edm u\u017eivatelsk\u00e9ho jm\u00e9na a hesla do p\u0159\u00edslu\u0161n\u00fdch pol\u00ed na webov\u00fdch str\u00e1nk\u00e1ch.<\/p>\n\n\n\n<h2 class=\"wp-block-heading\">\ud83c\udf52 Registration Step-By-Step Guide<\/h2>\n\n\n\n<ol class=\"wp-block-list\" type=\"1\">\n<li>Nav\u0161tivte <a href=\"\/cs\/\">Playamo<\/a> Webov\u00e9 str\u00e1nky kasina.<\/li>\n\n\n\n<li>Klikn\u011bte na tla\u010d\u00edtko \"Zaregistrovat se\".<\/li>\n\n\n\n<li>Zadejte sv\u00e9 osobn\u00ed \u00fadaje do po\u017eadovan\u00fdch pol\u00ed.<\/li>\n\n\n\n<li>Zvolte si u\u017eivatelsk\u00e9 jm\u00e9no a heslo pro sv\u016fj \u00fa\u010det.<\/li>\n\n\n\n<li>Zadejte sv\u00e9 platebn\u00ed \u00fadaje.<\/li>\n\n\n\n<li>Klikn\u011bte na tla\u010d\u00edtko \"Vytvo\u0159it \u00fa\u010det\".<\/li>\n<\/ol>\n\n\n\n<p>Po vytvo\u0159en\u00ed \u00fa\u010dtu se m\u016f\u017eete p\u0159ihl\u00e1sit zad\u00e1n\u00edm u\u017eivatelsk\u00e9ho jm\u00e9na a hesla do p\u0159\u00edslu\u0161n\u00fdch pol\u00ed na webov\u00fdch str\u00e1nk\u00e1ch.<\/p>\n\n\n\n<h3 class=\"wp-block-heading\">\ud83c\udfaa Verification<\/h3>\n\n\n\n<p>Chcete-li se p\u0159ihl\u00e1sit ke sv\u00e9mu \u00fa\u010dtu, mus\u00edte ov\u011b\u0159it svou e-mailovou adresu. Za t\u00edmto \u00fa\u010delem jednodu\u0161e klikn\u011bte na odkaz v ov\u011b\u0159ovac\u00edm e-mailu, kter\u00fd v\u00e1m byl zasl\u00e1n p\u0159i vytv\u00e1\u0159en\u00ed \u00fa\u010dtu. Jakmile bude va\u0161e e-mailov\u00e1 adresa ov\u011b\u0159ena, budete se moci p\u0159ihl\u00e1sit a za\u010d\u00edt hr\u00e1t v kasinu Playamo.<\/p>\n\n\n\n<div class=\"wp-block-buttons alignwide is-horizontal is-content-justification-center is-layout-flex wp-container-core-buttons-is-layout-03627597 wp-block-buttons-is-layout-flex\">\n<div class=\"wp-block-button has-custom-width wp-block-button__width-100 has-custom-font-size has-medium-font-size\"><a class=\"wp-block-button__link has-ast-global-color-5-color has-text-color has-background wp-element-button\" href=\"https:\/\/media.playamopartners.com\/redirect.aspx?pid=163920&amp;bid=1929&amp;lpid=28\" style=\"border-radius:3px;background-color:#fdbd2c\"><strong>PLAYAMO LOGIN<\/strong><\/a><\/div>\n<\/div>\n\n\n\n<p><\/p>\n\n\n\n<h2 class=\"wp-block-heading\">\ud83e\udde9 How to login to Playamo at Australia<\/h2>\n\n\n\n<ol class=\"wp-block-list\">\n<li>Do pole \"U\u017eivatelsk\u00e9 jm\u00e9no\" zadejte sv\u00e9 u\u017eivatelsk\u00e9 jm\u00e9no.<\/li>\n\n\n\n<li>Do pole \"Heslo\" zadejte sv\u00e9 heslo.<\/li>\n\n\n\n<li>Klikn\u011bte na tla\u010d\u00edtko \"P\u0159ihl\u00e1sit\".<\/li>\n<\/ol>\n\n\n\n<p>Pokud jste zapomn\u011bli heslo, m\u016f\u017eete kliknout na odkaz \"Forgot Password?\" a podle pokyn\u016f ho obnovit. Po obnoven\u00ed hesla se budete moci p\u0159ihl\u00e1sit do Playamo ke sv\u00e9mu \u00fa\u010dtu a za\u010d\u00edt hr\u00e1t.<\/p>\n\n\n\n<p><\/p>\n\n\n\n<h3 class=\"wp-block-heading\">\ud83c\udfa8 How to login Playamo from mobile<\/h3>\n\n\n\n<p>P\u0159ihl\u00e1\u0161en\u00ed k \u00fa\u010dtu na mobiln\u00edm za\u0159\u00edzen\u00ed prob\u00edh\u00e1 stejn\u011b jako na stoln\u00edm po\u010d\u00edta\u010di. Jednodu\u0161e zadejte sv\u00e9 u\u017eivatelsk\u00e9 jm\u00e9no a heslo do p\u0159\u00edslu\u0161n\u00fdch pol\u00ed a klikn\u011bte na tla\u010d\u00edtko \"P\u0159ihl\u00e1sit\".<\/p>\n\n\n\n<h2 class=\"wp-block-heading\">\ud83e\uddde\u200d\u2642\ufe0f What to do if you can&#8217;t login Playamo Casino<\/h2>\n\n\n\n<p>Pokud m\u00e1te pot\u00ed\u017ee s p\u0159ihl\u00e1\u0161en\u00edm k \u00fa\u010dtu, m\u016f\u017eete vyzkou\u0161et n\u011bkolik mo\u017enost\u00ed:<\/p>\n\n\n\n<ul class=\"wp-block-list\">\n<li>Ujist\u011bte se, \u017ee pou\u017e\u00edv\u00e1te spr\u00e1vn\u00e9 u\u017eivatelsk\u00e9 jm\u00e9no a heslo. Pokud jste zapomn\u011bli heslo, m\u016f\u017eete kliknout na odkaz \"Forgot Password?\" a podle pokyn\u016f jej obnovit.<\/li>\n\n\n\n<li>Ujist\u011bte se, \u017ee va\u0161e e-mailov\u00e1 adresa byla ov\u011b\u0159ena. To provedete jednodu\u0161e kliknut\u00edm na odkaz v ov\u011b\u0159ovac\u00edm e-mailu, kter\u00fd v\u00e1m byl zasl\u00e1n p\u0159i vytv\u00e1\u0159en\u00ed \u00fa\u010dtu.<\/li>\n\n\n\n<li>Zkuste vymazat mezipam\u011b\u0165 a soubory cookie prohl\u00ed\u017ee\u010de. To m\u016f\u017ee n\u011bkdy vy\u0159e\u0161it probl\u00e9my s p\u0159ihl\u00e1\u0161en\u00edm.<\/li>\n<\/ul>\n\n\n\n<p>Pokud m\u00e1te st\u00e1le pot\u00ed\u017ee s p\u0159ihl\u00e1\u0161en\u00edm, obra\u0165te se na z\u00e1kaznickou podporu a po\u017e\u00e1dejte o pomoc.<\/p>\n\n\n\n<h2 class=\"wp-block-heading\">\u26a1 Tips for staying safe online<\/h2>\n\n\n\n<p>P\u0159i hran\u00ed v online kasinu je nutn\u00e9 db\u00e1t na bezpe\u010dnost a ochranu osobn\u00edch \u00fadaj\u016f. Zde je n\u011bkolik tip\u016f, jak z\u016fstat v bezpe\u010d\u00ed, kdy\u017e hrajete v kasinu Playamo:<\/p>\n\n\n\n<ul class=\"wp-block-list\">\n<li>Pro sv\u016fj \u00fa\u010det pou\u017e\u00edvejte siln\u00e9 a jedine\u010dn\u00e9 heslo.<\/li>\n\n\n\n<li>Heslo nikomu nesd\u011blujte.<\/li>\n\n\n\n<li>Uchov\u00e1vejte sv\u00e9 osobn\u00ed \u00fadaje v bezpe\u010d\u00ed.<\/li>\n\n\n\n<li>Bu\u010fte opatrn\u00ed, kdy\u017e sd\u00edl\u00edte sv\u00e9 osobn\u00ed \u00fadaje online.<\/li>\n\n\n\n<li>Neklikejte na odkazy nebo p\u0159\u00edlohy od lid\u00ed, kter\u00e9 nezn\u00e1te.<\/li>\n\n\n\n<li>Pokud obdr\u017e\u00edte e-mail, kter\u00fd vypad\u00e1 podez\u0159ele, neotv\u00edrejte jej.<\/li>\n<\/ul>\n\n\n\n<p>Dodr\u017eov\u00e1n\u00edm t\u011bchto tip\u016f m\u016f\u017eete p\u0159i hran\u00ed v kasinu Playamo udr\u017eet sv\u016fj \u00fa\u010det v bezpe\u010d\u00ed.<\/p>\n\n\n\n<h2 class=\"wp-block-heading\">\ud83c\udf14 FAQs<\/h2>\n\n\n<style>#sp-ea-56 .spcollapsing { height: 0; overflow: hidden; transition-property: height;transition-duration: 300ms;}#sp-ea-56.sp-easy-accordion>.sp-ea-single {border: 1px solid #e2e2e2; }#sp-ea-56.sp-easy-accordion>.sp-ea-single>.ea-header a {color: #444;}#sp-ea-56.sp-easy-accordion>.sp-ea-single>.sp-collapse>.ea-body {background: #fff; color: #444;}#sp-ea-56.sp-easy-accordion>.sp-ea-single {background: #eee;}#sp-ea-56.sp-easy-accordion>.sp-ea-single>.ea-header a .ea-expand-icon.fa { float: left; color: #444;font-size: 16px;}<\/style><div id=\"sp-ea-56\" class=\"sp-ea-one sp-easy-accordion\" data-ex-icon=\"fa-minus\" data-col-icon=\"fa-plus\"  data-ea-active=\"ea-click\"  data-ea-mode=\"vertical\" data-preloader=\"\" data-scroll-active-item=\"\" data-offset-to-scroll=\"0\"><div class=\"ea-card ea-expand sp-ea-single\"><h3 class=\"ea-header\"><a class=\"collapsed\" data-sptoggle=\"spcollapse\" data-sptarget=\"#collapse560\" href=\"javascript:void(0)\"  aria-expanded=\"true\"><i class=\"ea-expand-icon fa fa-minus\"><\/i> Co mus\u00edm ud\u011blat pro p\u0159ihl\u00e1\u0161en\u00ed do kasina Playamo?<\/a><\/h3><div class=\"sp-collapse spcollapse collapsed show\" id=\"collapse560\" ><div class=\"ea-body\"><p>Chcete-li se p\u0159ihl\u00e1sit, mus\u00edte m\u00edt v kasinu \u00fa\u010det. Pokud \u00fa\u010det nem\u00e1te, m\u016f\u017eete si ho vytvo\u0159it na webov\u00fdch str\u00e1nk\u00e1ch a kliknut\u00edm na tla\u010d\u00edtko \"Zaregistrovat se\". Po vytvo\u0159en\u00ed \u00fa\u010dtu se m\u016f\u017eete p\u0159ihl\u00e1sit zad\u00e1n\u00edm u\u017eivatelsk\u00e9ho jm\u00e9na a hesla do p\u0159\u00edslu\u0161n\u00fdch pol\u00ed na webov\u00fdch str\u00e1nk\u00e1ch.<\/p>\n<\/div><\/div><\/div><div class=\"ea-card  sp-ea-single\"><h3 class=\"ea-header\"><a class=\"collapsed\" data-sptoggle=\"spcollapse\" data-sptarget=\"#collapse561\" href=\"javascript:void(0)\"  aria-expanded=\"false\"><i class=\"ea-expand-icon fa fa-plus\"><\/i> Jak mohu ov\u011b\u0159it svou e-mailovou adresu?<\/a><\/h3><div class=\"sp-collapse spcollapse\" id=\"collapse561\" ><div class=\"ea-body\"><p>Chcete-li ov\u011b\u0159it svou e-mailovou adresu, jednodu\u0161e klikn\u011bte na odkaz v ov\u011b\u0159ovac\u00edm e-mailu, kter\u00fd v\u00e1m byl zasl\u00e1n p\u0159i vytv\u00e1\u0159en\u00ed \u00fa\u010dtu. Jakmile bude va\u0161e e-mailov\u00e1 adresa ov\u011b\u0159ena, budete se moci p\u0159ihl\u00e1sit a za\u010d\u00edt hr\u00e1t v kasinu Playamo.<\/p>\n<\/div><\/div><\/div><div class=\"ea-card  sp-ea-single\"><h3 class=\"ea-header\"><a class=\"collapsed\" data-sptoggle=\"spcollapse\" data-sptarget=\"#collapse562\" href=\"javascript:void(0)\"  aria-expanded=\"false\"><i class=\"ea-expand-icon fa fa-plus\"><\/i> Zapomn\u011bl jsem heslo. Co m\u00e1m d\u011blat?<\/a><\/h3><div class=\"sp-collapse spcollapse\" id=\"collapse562\" ><div class=\"ea-body\"><p>Pokud jste zapomn\u011bli heslo, m\u016f\u017eete kliknout na odkaz \"Forgot Password?\" a podle pokyn\u016f ho obnovit. Po obnoven\u00ed hesla se budete moci p\u0159ihl\u00e1sit ke sv\u00e9mu \u00fa\u010dtu a za\u010d\u00edt hr\u00e1t v kasinu Playamo.<\/p>\n<\/div><\/div><\/div><div class=\"ea-card  sp-ea-single\"><h3 class=\"ea-header\"><a class=\"collapsed\" data-sptoggle=\"spcollapse\" data-sptarget=\"#collapse563\" href=\"javascript:void(0)\"  aria-expanded=\"false\"><i class=\"ea-expand-icon fa fa-plus\"><\/i> M\u00e1m pot\u00ed\u017ee s p\u0159ihl\u00e1\u0161en\u00edm do slu\u017eby Playamo. Co m\u00e1m d\u011blat?<\/a><\/h3><div class=\"sp-collapse spcollapse\" id=\"collapse563\" ><div class=\"ea-body\"><p>Pokud m\u00e1te pot\u00ed\u017ee s p\u0159ihl\u00e1\u0161en\u00edm, obra\u0165te se na z\u00e1kaznickou podporu.<\/p>\n<\/div><\/div><\/div><div class=\"ea-card  sp-ea-single\"><h3 class=\"ea-header\"><a class=\"collapsed\" data-sptoggle=\"spcollapse\" data-sptarget=\"#collapse564\" href=\"javascript:void(0)\"  aria-expanded=\"false\"><i class=\"ea-expand-icon fa fa-plus\"><\/i> Jak\u00e9 bonusy mohu z\u00edskat na Playmao po registraci?<\/a><\/h3><div class=\"sp-collapse spcollapse\" id=\"collapse564\" ><div class=\"ea-body\"><p>Hlavn\u00ed <a href=\"https:\/\/playamo.info\/cs\/bonuses\/\">Bonus Playamo<\/a> pro nov\u00e9 hr\u00e1\u010de je uv\u00edtac\u00ed bonus $1500 + 150 Free Spins.<\/p>\n<\/div><\/div><\/div><\/div>","protected":false},"excerpt":{"rendered":"<p>To login to Playamo Casino, you will need to have an account with the casino. If you do not have an account, you can create one by visiting the website and clicking on the &#8220;Sign Up&#8221; button. Once you have created an account, you can login by entering your username and password in the appropriate &hellip;<\/p>\n<p class=\"read-more\"> <a class=\"\" href=\"https:\/\/playamo.info\/cs\/prihlaseni\/\"> <span class=\"screen-reader-text\">Playamo Login<\/span> Pokra\u010dovat ve \u010dten\u00ed &raquo;<\/a><\/p>","protected":false},"author":1,"featured_media":0,"parent":0,"menu_order":0,"comment_status":"closed","ping_status":"closed","template":"","meta":{"site-sidebar-layout":"default","site-content-layout":"default","ast-global-header-display":"","ast-main-header-display":"","ast-hfb-above-header-display":"","ast-hfb-below-header-display":"","ast-hfb-mobile-header-display":"","site-post-title":"","ast-breadcrumbs-content":"","ast-featured-img":"","footer-sml-layout":"","theme-transparent-header-meta":"","adv-header-id-meta":"","stick-header-meta":"","header-above-stick-meta":"","header-main-stick-meta":"","header-below-stick-meta":"","footnotes":""},"class_list":["post-52","page","type-page","status-publish","hentry"],"yoast_head":"<!-- This site is optimized with the Yoast SEO plugin v19.13 - https:\/\/yoast.com\/wordpress\/plugins\/seo\/ -->\n<title>Playamo Login: \ud83e\udd21 How To Log In To Playamo Casino at Australia<\/title>\n<meta name=\"description\" content=\"How To Log In To Playamo Casino. How to register and verify with the casino. How to solve login problems\" \/>\n<meta name=\"robots\" content=\"index, follow, max-snippet:-1, max-image-preview:large, max-video-preview:-1\" \/>\n<link rel=\"canonical\" href=\"https:\/\/playamo.info\/cs\/prihlaseni\/\" \/>\n<meta property=\"og:locale\" content=\"cs_CZ\" \/>\n<meta property=\"og:type\" content=\"article\" \/>\n<meta property=\"og:title\" content=\"Playamo Login: \ud83e\udd21 How To Log In To Playamo Casino at Australia\" \/>\n<meta property=\"og:description\" content=\"How To Log In To Playamo Casino. How to register and verify with the casino. How to solve login problems\" \/>\n<meta property=\"og:url\" content=\"https:\/\/playamo.info\/cs\/prihlaseni\/\" \/>\n<meta property=\"og:site_name\" content=\"Playamo\" \/>\n<meta property=\"article:modified_time\" content=\"2023-06-28T13:58:40+00:00\" \/>\n<meta property=\"og:image\" content=\"https:\/\/playamo.info\/wp-content\/uploads\/2022\/06\/playamo-casino-online-1024x512.jpeg\" \/>\n<meta name=\"twitter:card\" content=\"summary_large_image\" \/>\n<script type=\"application\/ld+json\" class=\"yoast-schema-graph\">{\"@context\":\"https:\/\/schema.org\",\"@graph\":[{\"@type\":\"WebPage\",\"@id\":\"https:\/\/playamo.info\/login\/\",\"url\":\"https:\/\/playamo.info\/login\/\",\"name\":\"Playamo Login: \ud83e\udd21 How To Log In To Playamo Casino at Australia\",\"isPartOf\":{\"@id\":\"https:\/\/playamo.info\/#website\"},\"datePublished\":\"2022-06-05T14:18:36+00:00\",\"dateModified\":\"2023-06-28T13:58:40+00:00\",\"description\":\"How To Log In To Playamo Casino. How to register and verify with the casino. How to solve login problems\",\"breadcrumb\":{\"@id\":\"https:\/\/playamo.info\/login\/#breadcrumb\"},\"inLanguage\":\"cs\",\"potentialAction\":[{\"@type\":\"ReadAction\",\"target\":[\"https:\/\/playamo.info\/login\/\"]}]},{\"@type\":\"BreadcrumbList\",\"@id\":\"https:\/\/playamo.info\/login\/#breadcrumb\",\"itemListElement\":[{\"@type\":\"ListItem\",\"position\":1,\"name\":\"Home\",\"item\":\"https:\/\/playamo.info\/\"},{\"@type\":\"ListItem\",\"position\":2,\"name\":\"Playamo Login\"}]},{\"@type\":\"WebSite\",\"@id\":\"https:\/\/playamo.info\/#website\",\"url\":\"https:\/\/playamo.info\/\",\"name\":\"Playamo\",\"description\":\"playamo.info\",\"publisher\":{\"@id\":\"https:\/\/playamo.info\/#organization\"},\"potentialAction\":[{\"@type\":\"SearchAction\",\"target\":{\"@type\":\"EntryPoint\",\"urlTemplate\":\"https:\/\/playamo.info\/?s={search_term_string}\"},\"query-input\":\"required name=search_term_string\"}],\"inLanguage\":\"cs\"},{\"@type\":\"Organization\",\"@id\":\"https:\/\/playamo.info\/#organization\",\"name\":\"Playamo\",\"url\":\"https:\/\/playamo.info\/\",\"logo\":{\"@type\":\"ImageObject\",\"inLanguage\":\"cs\",\"@id\":\"https:\/\/playamo.info\/#\/schema\/logo\/image\/\",\"url\":\"https:\/\/playamo.info\/wp-content\/uploads\/2022\/06\/logo.png\",\"contentUrl\":\"https:\/\/playamo.info\/wp-content\/uploads\/2022\/06\/logo.png\",\"width\":200,\"height\":101,\"caption\":\"Playamo\"},\"image\":{\"@id\":\"https:\/\/playamo.info\/#\/schema\/logo\/image\/\"}}]}<\/script>\n<!-- \/ Yoast SEO plugin. -->","yoast_head_json":{"title":"Playamo Login: \ud83e\udd21 How To Log In To Playamo Casino at Australia","description":"How To Log In To Playamo Casino. How to register and verify with the casino. How to solve login problems","robots":{"index":"index","follow":"follow","max-snippet":"max-snippet:-1","max-image-preview":"max-image-preview:large","max-video-preview":"max-video-preview:-1"},"canonical":"https:\/\/playamo.info\/cs\/prihlaseni\/","og_locale":"cs_CZ","og_type":"article","og_title":"Playamo Login: \ud83e\udd21 How To Log In To Playamo Casino at Australia","og_description":"How To Log In To Playamo Casino. How to register and verify with the casino. How to solve login problems","og_url":"https:\/\/playamo.info\/cs\/prihlaseni\/","og_site_name":"Playamo","article_modified_time":"2023-06-28T13:58:40+00:00","og_image":[{"url":"https:\/\/playamo.info\/wp-content\/uploads\/2022\/06\/playamo-casino-online-1024x512.jpeg"}],"twitter_card":"summary_large_image","schema":{"@context":"https:\/\/schema.org","@graph":[{"@type":"WebPage","@id":"https:\/\/playamo.info\/login\/","url":"https:\/\/playamo.info\/login\/","name":"Playamo Login: \ud83e\udd21 How To Log In To Playamo Casino at Australia","isPartOf":{"@id":"https:\/\/playamo.info\/#website"},"datePublished":"2022-06-05T14:18:36+00:00","dateModified":"2023-06-28T13:58:40+00:00","description":"How To Log In To Playamo Casino. How to register and verify with the casino. How to solve login problems","breadcrumb":{"@id":"https:\/\/playamo.info\/login\/#breadcrumb"},"inLanguage":"cs","potentialAction":[{"@type":"ReadAction","target":["https:\/\/playamo.info\/login\/"]}]},{"@type":"BreadcrumbList","@id":"https:\/\/playamo.info\/login\/#breadcrumb","itemListElement":[{"@type":"ListItem","position":1,"name":"Home","item":"https:\/\/playamo.info\/"},{"@type":"ListItem","position":2,"name":"Playamo Login"}]},{"@type":"WebSite","@id":"https:\/\/playamo.info\/#website","url":"https:\/\/playamo.info\/","name":"Playamo","description":"playamo.info","publisher":{"@id":"https:\/\/playamo.info\/#organization"},"potentialAction":[{"@type":"SearchAction","target":{"@type":"EntryPoint","urlTemplate":"https:\/\/playamo.info\/?s={search_term_string}"},"query-input":"required name=search_term_string"}],"inLanguage":"cs"},{"@type":"Organization","@id":"https:\/\/playamo.info\/#organization","name":"Playamo","url":"https:\/\/playamo.info\/","logo":{"@type":"ImageObject","inLanguage":"cs","@id":"https:\/\/playamo.info\/#\/schema\/logo\/image\/","url":"https:\/\/playamo.info\/wp-content\/uploads\/2022\/06\/logo.png","contentUrl":"https:\/\/playamo.info\/wp-content\/uploads\/2022\/06\/logo.png","width":200,"height":101,"caption":"Playamo"},"image":{"@id":"https:\/\/playamo.info\/#\/schema\/logo\/image\/"}}]}},"_links":{"self":[{"href":"https:\/\/playamo.info\/cs\/wp-json\/wp\/v2\/pages\/52","targetHints":{"allow":["GET"]}}],"collection":[{"href":"https:\/\/playamo.info\/cs\/wp-json\/wp\/v2\/pages"}],"about":[{"href":"https:\/\/playamo.info\/cs\/wp-json\/wp\/v2\/types\/page"}],"author":[{"embeddable":true,"href":"https:\/\/playamo.info\/cs\/wp-json\/wp\/v2\/users\/1"}],"replies":[{"embeddable":true,"href":"https:\/\/playamo.info\/cs\/wp-json\/wp\/v2\/comments?post=52"}],"version-history":[{"count":5,"href":"https:\/\/playamo.info\/cs\/wp-json\/wp\/v2\/pages\/52\/revisions"}],"predecessor-version":[{"id":186,"href":"https:\/\/playamo.info\/cs\/wp-json\/wp\/v2\/pages\/52\/revisions\/186"}],"wp:attachment":[{"href":"https:\/\/playamo.info\/cs\/wp-json\/wp\/v2\/media?parent=52"}],"curies":[{"name":"wp","href":"https:\/\/api.w.org\/{rel}","templated":true}]}}